{"id":6333,"date":"2022-01-28T15:49:37","date_gmt":"2022-01-28T18:49:37","guid":{"rendered":"http:\/\/tima.com.br\/tima\/?post_type=product&#038;p=6333"},"modified":"2026-05-04T18:40:56","modified_gmt":"2026-05-04T21:40:56","slug":"anel-digital-para-calos","status":"publish","type":"product","link":"https:\/\/tima.com.br\/tima\/product\/anel-digital-para-calos\/","title":{"rendered":"Anel Digital para Calos"},"content":{"rendered":"<p>Indicado na preven\u00e7\u00e3o e prote\u00e7\u00e3o de calos e calosidades.<\/p>\n<p class=\"_aupe copyable-text x15bjb6t x1n2onr6\"><span class=\"_aupe copyable-text xkrh14z\"><\/span><\/p>\n<p class=\"_aupe copyable-text x15bjb6t x1n2onr6\"><span class=\"_aupe copyable-text xkrh14z\">Notifica\u00e7\u00e3o ANVISA: N\u00ba 80879060037<\/span><\/p>\n","protected":false},"excerpt":{"rendered":"<p>Indica\u00e7\u00f5es: Preven\u00e7\u00e3o e prote\u00e7\u00e3o de calos e calosidades. Protege os dedos dos p\u00e9s contra o atrito e a press\u00e3o causados pelos cal\u00e7ados.<\/p>\n<p>Grade: P; M; G (par)<\/p>\n<p class=\"_aupe copyable-text x15bjb6t x1n2onr6\"><span class=\"_aupe copyable-text xkrh14z\"><\/span><\/p>\n<p class=\"_aupe copyable-text x15bjb6t x1n2onr6\"><span class=\"_aupe copyable-text xkrh14z\">Notifica\u00e7\u00e3o ANVISA: N\u00ba 80879060037<\/span><\/p>\n","protected":false},"featured_media":6334,"comment_status":"open","ping_status":"closed","template":"","meta":[],"product_brand":[],"product_cat":[72,75],"product_tag":[],"class_list":{"0":"post-6333","1":"product","2":"type-product","3":"status-publish","4":"has-post-thumbnail","6":"product_cat-silicone","7":"product_cat-tornozelo","9":"first","10":"instock","11":"shipping-taxable","12":"product-type-simple"},"_links":{"self":[{"href":"https:\/\/tima.com.br\/tima\/wp-json\/wp\/v2\/product\/6333","targetHints":{"allow":["GET"]}}],"collection":[{"href":"https:\/\/tima.com.br\/tima\/wp-json\/wp\/v2\/product"}],"about":[{"href":"https:\/\/tima.com.br\/tima\/wp-json\/wp\/v2\/types\/product"}],"replies":[{"embeddable":true,"href":"https:\/\/tima.com.br\/tima\/wp-json\/wp\/v2\/comments?post=6333"}],"wp:featuredmedia":[{"embeddable":true,"href":"https:\/\/tima.com.br\/tima\/wp-json\/wp\/v2\/media\/6334"}],"wp:attachment":[{"href":"https:\/\/tima.com.br\/tima\/wp-json\/wp\/v2\/media?parent=6333"}],"wp:term":[{"taxonomy":"product_brand","embeddable":true,"href":"https:\/\/tima.com.br\/tima\/wp-json\/wp\/v2\/product_brand?post=6333"},{"taxonomy":"product_cat","embeddable":true,"href":"https:\/\/tima.com.br\/tima\/wp-json\/wp\/v2\/product_cat?post=6333"},{"taxonomy":"product_tag","embeddable":true,"href":"https:\/\/tima.com.br\/tima\/wp-json\/wp\/v2\/product_tag?post=6333"}],"curies":[{"name":"wp","href":"https:\/\/api.w.org\/{rel}","templated":true}]}}