{"id":6092,"date":"2022-01-26T21:36:16","date_gmt":"2022-01-27T00:36:16","guid":{"rendered":"http:\/\/tima.com.br\/tima\/?post_type=product&#038;p=6092"},"modified":"2026-03-03T21:13:51","modified_gmt":"2026-03-04T00:13:51","slug":"ombreira-ajustavel","status":"publish","type":"product","link":"https:\/\/tima.com.br\/tima\/product\/ombreira-ajustavel\/","title":{"rendered":"Ombreira Ajust\u00e1vel"},"content":{"rendered":"<p>Auxilia no tratamento de processos inflamat\u00f3rios, tais como: bursite, fratura de clav\u00edcula, tendinite bicipital, luxa\u00e7\u00f5es, artrite, reumatismo, capsulite adesiva e demais afec\u00e7\u00f5es.<\/p>\n<p class=\"_aupe copyable-text x15bjb6t x1n2onr6\"><span class=\"_aupe copyable-text xkrh14z\">AFE ANVISA: AFE n\u00ba 8.08.790-6<\/span><\/p>\n<p class=\"_aupe copyable-text x15bjb6t x1n2onr6\"><span class=\"_aupe copyable-text xkrh14z\"> REGISTROS DO PRODUTO ANVISA: Registro M.S. N\u00ba 80879060027<\/span><\/p>\n","protected":false},"excerpt":{"rendered":"<p>Indica\u00e7\u00e3o: Pode ser utilizada em casos de les\u00f5es no ombro de n\u00edvel mediano. Auxilia no tratamento de processos inflamat\u00f3rios, tais como: bursite, fratura de clav\u00edcula, tendinite bicipital, luxa\u00e7\u00f5es, artrite, reumatismo, capsulite adesiva e demais afec\u00e7\u00f5es.<\/p>\n<p>Grade: \u00danico &#8211; Ajust\u00e1vel.<\/p>\n<p class=\"_aupe copyable-text x15bjb6t x1n2onr6\"><span class=\"_aupe copyable-text xkrh14z\">AFE ANVISA: AFE n\u00ba 8.08.790-6<\/span><\/p>\n<p class=\"_aupe copyable-text x15bjb6t x1n2onr6\"><span class=\"_aupe copyable-text xkrh14z\"> REGISTROS DO PRODUTO ANVISA: Registro M.S. N\u00ba 80879060027<\/span><\/p>\n","protected":false},"featured_media":6094,"comment_status":"open","ping_status":"closed","template":"","meta":[],"product_brand":[],"product_cat":[69,74],"product_tag":[],"class_list":{"0":"post-6092","1":"product","2":"type-product","3":"status-publish","4":"has-post-thumbnail","6":"product_cat-neoprene","7":"product_cat-ombro","9":"first","10":"instock","11":"shipping-taxable","12":"product-type-simple"},"_links":{"self":[{"href":"https:\/\/tima.com.br\/tima\/wp-json\/wp\/v2\/product\/6092","targetHints":{"allow":["GET"]}}],"collection":[{"href":"https:\/\/tima.com.br\/tima\/wp-json\/wp\/v2\/product"}],"about":[{"href":"https:\/\/tima.com.br\/tima\/wp-json\/wp\/v2\/types\/product"}],"replies":[{"embeddable":true,"href":"https:\/\/tima.com.br\/tima\/wp-json\/wp\/v2\/comments?post=6092"}],"wp:featuredmedia":[{"embeddable":true,"href":"https:\/\/tima.com.br\/tima\/wp-json\/wp\/v2\/media\/6094"}],"wp:attachment":[{"href":"https:\/\/tima.com.br\/tima\/wp-json\/wp\/v2\/media?parent=6092"}],"wp:term":[{"taxonomy":"product_brand","embeddable":true,"href":"https:\/\/tima.com.br\/tima\/wp-json\/wp\/v2\/product_brand?post=6092"},{"taxonomy":"product_cat","embeddable":true,"href":"https:\/\/tima.com.br\/tima\/wp-json\/wp\/v2\/product_cat?post=6092"},{"taxonomy":"product_tag","embeddable":true,"href":"https:\/\/tima.com.br\/tima\/wp-json\/wp\/v2\/product_tag?post=6092"}],"curies":[{"name":"wp","href":"https:\/\/api.w.org\/{rel}","templated":true}]}}