{"id":6760,"date":"2023-03-02T18:51:27","date_gmt":"2023-03-02T21:51:27","guid":{"rendered":"http:\/\/tima.com.br\/tima\/?post_type=product&#038;p=6760"},"modified":"2026-05-04T18:41:21","modified_gmt":"2026-05-04T21:41:21","slug":"bota-imobilizadora-infantil","status":"publish","type":"product","link":"http:\/\/tima.com.br\/tima\/product\/bota-imobilizadora-infantil\/","title":{"rendered":"Bota Imobilizadora Infantil"},"content":{"rendered":"<p>Indica\u00e7\u00e3o: Imobiliza\u00e7\u00e3o do tornozelo nos casos de luxa\u00e7\u00e3o, fratura, entorse, les\u00e3o grave do tornozelo, p\u00f3-gesso e p\u00f3s-operat\u00f3rio. A crit\u00e9rio m\u00e9dico, a Bota Imobilizadora Infantil pode substituir o gesso suropod\u00e1lico.<\/p>\n<p>Grade: PP (24-28) e P (29-32) Bilateral<\/p>\n<p class=\"cvGsUA direction-ltr align-start para-style-body\"><span class=\"a_GcMg font-feature-liga-off font-feature-clig-off font-feature-calt-off text-decoration-none text-strikethrough-none\"><\/span><\/p>\n<p class=\"cvGsUA direction-ltr align-start para-style-body\"><span class=\"a_GcMg font-feature-liga-off font-feature-clig-off font-feature-calt-off text-decoration-none text-strikethrough-none\">Notifica\u00e7\u00e3o ANVISA: N\u00ba 80879060017<\/span><\/p>\n","protected":false},"excerpt":{"rendered":"<p>Indica\u00e7\u00e3o: Imobiliza\u00e7\u00e3o do tornozelo nos casos de luxa\u00e7\u00e3o, fratura, entorse, les\u00e3o grave do tornozelo, p\u00f3-gesso e p\u00f3s-operat\u00f3rio. A crit\u00e9rio m\u00e9dico, a Bota Imobilizadora Infantil pode substituir o gesso suropod\u00e1lico.<\/p>\n<p>Grade: PP (24-28) e P (29-32) Bilateral<\/p>\n<p class=\"cvGsUA direction-ltr align-start para-style-body\"><span class=\"a_GcMg font-feature-liga-off font-feature-clig-off font-feature-calt-off text-decoration-none text-strikethrough-none\"><\/span><\/p>\n<p class=\"cvGsUA direction-ltr align-start para-style-body\"><span class=\"a_GcMg font-feature-liga-off font-feature-clig-off font-feature-calt-off text-decoration-none text-strikethrough-none\">Notifica\u00e7\u00e3o ANVISA: N\u00ba 80879060017<\/span><\/p>\n","protected":false},"featured_media":6761,"comment_status":"open","ping_status":"closed","template":"","meta":[],"product_brand":[],"product_cat":[68,75],"product_tag":[],"class_list":{"0":"post-6760","1":"product","2":"type-product","3":"status-publish","4":"has-post-thumbnail","6":"product_cat-ortopedicos","7":"product_cat-tornozelo","9":"first","10":"instock","11":"shipping-taxable","12":"product-type-simple"},"_links":{"self":[{"href":"http:\/\/tima.com.br\/tima\/wp-json\/wp\/v2\/product\/6760","targetHints":{"allow":["GET"]}}],"collection":[{"href":"http:\/\/tima.com.br\/tima\/wp-json\/wp\/v2\/product"}],"about":[{"href":"http:\/\/tima.com.br\/tima\/wp-json\/wp\/v2\/types\/product"}],"replies":[{"embeddable":true,"href":"http:\/\/tima.com.br\/tima\/wp-json\/wp\/v2\/comments?post=6760"}],"wp:featuredmedia":[{"embeddable":true,"href":"http:\/\/tima.com.br\/tima\/wp-json\/wp\/v2\/media\/6761"}],"wp:attachment":[{"href":"http:\/\/tima.com.br\/tima\/wp-json\/wp\/v2\/media?parent=6760"}],"wp:term":[{"taxonomy":"product_brand","embeddable":true,"href":"http:\/\/tima.com.br\/tima\/wp-json\/wp\/v2\/product_brand?post=6760"},{"taxonomy":"product_cat","embeddable":true,"href":"http:\/\/tima.com.br\/tima\/wp-json\/wp\/v2\/product_cat?post=6760"},{"taxonomy":"product_tag","embeddable":true,"href":"http:\/\/tima.com.br\/tima\/wp-json\/wp\/v2\/product_tag?post=6760"}],"curies":[{"name":"wp","href":"https:\/\/api.w.org\/{rel}","templated":true}]}}