{"id":6540,"date":"2022-01-29T23:07:35","date_gmt":"2022-01-30T02:07:35","guid":{"rendered":"http:\/\/tima.com.br\/tima\/?post_type=product&#038;p=6540"},"modified":"2026-05-04T18:41:15","modified_gmt":"2026-05-04T21:41:15","slug":"palmilha-anti-impacto-flex","status":"publish","type":"product","link":"http:\/\/tima.com.br\/tima\/product\/palmilha-anti-impacto-flex\/","title":{"rendered":"Palmilha Anti-impacto \u2013 Flex"},"content":{"rendered":"<p>Indicado pra conforto e bem-estar dos seus p\u00e9s. Macias e confort\u00e1veis, absorvem o impacto evitando dores e desconforto, auxiliam na preven\u00e7\u00e3o de calos e calosidades plantares.<\/p>\n<p class=\"_aupe copyable-text x15bjb6t x1n2onr6\"><span class=\"_aupe copyable-text xkrh14z\"><\/span><\/p>\n<p class=\"_aupe copyable-text x15bjb6t x1n2onr6\"><span class=\"_aupe copyable-text xkrh14z\"><span class=\"a_GcMg font-feature-liga-off font-feature-clig-off font-feature-calt-off text-decoration-none text-strikethrough-none\">Notifica\u00e7\u00e3o ANVISA:<\/span> N\u00ba 80879060031<\/span><\/p>\n","protected":false},"excerpt":{"rendered":"<p>Indica\u00e7\u00e3o: Para conforto e bem-estar dos seus p\u00e9s. Macias e confort\u00e1veis, absorvem o impacto evitando dores e desconforto, auxiliam na preven\u00e7\u00e3o de calos e calosidades plantares. Possui formato anat\u00f4mico com sistema de absor\u00e7\u00e3o tipo colmeia, distribuindo os pontos de press\u00e3o em toda sua superf\u00edcie para melhor absor\u00e7\u00e3o de impacto.<\/p>\n<p>Grade: 36\/37 ao 43 &#8211; Recort\u00e1vel. (par)<\/p>\n<p class=\"_aupe copyable-text x15bjb6t x1n2onr6\"><span class=\"_aupe copyable-text xkrh14z\"><\/span><\/p>\n<p class=\"_aupe copyable-text x15bjb6t x1n2onr6\"><span class=\"_aupe copyable-text xkrh14z\"><span class=\"a_GcMg font-feature-liga-off font-feature-clig-off font-feature-calt-off text-decoration-none text-strikethrough-none\">Notifica\u00e7\u00e3o ANVISA:<\/span> N\u00ba 80879060031<\/span><\/p>\n","protected":false},"featured_media":6541,"comment_status":"open","ping_status":"closed","template":"","meta":[],"product_brand":[],"product_cat":[70,75],"product_tag":[],"class_list":{"0":"post-6540","1":"product","2":"type-product","3":"status-publish","4":"has-post-thumbnail","6":"product_cat-gel","7":"product_cat-tornozelo","9":"first","10":"instock","11":"shipping-taxable","12":"product-type-simple"},"_links":{"self":[{"href":"http:\/\/tima.com.br\/tima\/wp-json\/wp\/v2\/product\/6540","targetHints":{"allow":["GET"]}}],"collection":[{"href":"http:\/\/tima.com.br\/tima\/wp-json\/wp\/v2\/product"}],"about":[{"href":"http:\/\/tima.com.br\/tima\/wp-json\/wp\/v2\/types\/product"}],"replies":[{"embeddable":true,"href":"http:\/\/tima.com.br\/tima\/wp-json\/wp\/v2\/comments?post=6540"}],"wp:featuredmedia":[{"embeddable":true,"href":"http:\/\/tima.com.br\/tima\/wp-json\/wp\/v2\/media\/6541"}],"wp:attachment":[{"href":"http:\/\/tima.com.br\/tima\/wp-json\/wp\/v2\/media?parent=6540"}],"wp:term":[{"taxonomy":"product_brand","embeddable":true,"href":"http:\/\/tima.com.br\/tima\/wp-json\/wp\/v2\/product_brand?post=6540"},{"taxonomy":"product_cat","embeddable":true,"href":"http:\/\/tima.com.br\/tima\/wp-json\/wp\/v2\/product_cat?post=6540"},{"taxonomy":"product_tag","embeddable":true,"href":"http:\/\/tima.com.br\/tima\/wp-json\/wp\/v2\/product_tag?post=6540"}],"curies":[{"name":"wp","href":"https:\/\/api.w.org\/{rel}","templated":true}]}}