{"id":6537,"date":"2022-01-29T23:05:13","date_gmt":"2022-01-30T02:05:13","guid":{"rendered":"http:\/\/tima.com.br\/tima\/?post_type=product&#038;p=6537"},"modified":"2026-05-04T18:41:14","modified_gmt":"2026-05-04T21:41:14","slug":"apoio-plantar-flex-bico-anatomico","status":"publish","type":"product","link":"http:\/\/tima.com.br\/tima\/product\/apoio-plantar-flex-bico-anatomico\/","title":{"rendered":"Apoio Plantar \u2013 Flex (bico anat\u00f4mico)"},"content":{"rendered":"<p>Prote\u00e7\u00e3o, conforto e al\u00edvio das dores plantares.<\/p>\n<p class=\"_aupe copyable-text x15bjb6t x1n2onr6\"><span class=\"_aupe copyable-text xkrh14z\"><\/span><\/p>\n<p class=\"_aupe copyable-text x15bjb6t x1n2onr6\"><span class=\"_aupe copyable-text xkrh14z\"><span class=\"a_GcMg font-feature-liga-off font-feature-clig-off font-feature-calt-off text-decoration-none text-strikethrough-none\">Notifica\u00e7\u00e3o ANVISA:<\/span> N\u00ba 80879060031<\/span><\/p>\n","protected":false},"excerpt":{"rendered":"<p>Indica\u00e7\u00e3o: Prote\u00e7\u00e3o, conforto e al\u00edvio das dores plantares. Preven\u00e7\u00e3o da fascite plantar, diminui\u00e7\u00e3o dos pontos de press\u00e3o evitando o surgimento de calos, calosidades e ulcera\u00e7\u00f5es na regi\u00e3o dos metatarsos. Sistema de absor\u00e7\u00e3o tipo colmeia onde os pontos de press\u00e3o s\u00e3o distribu\u00eddos em toda sua superf\u00edcie.<\/p>\n<p>SISTEMA DE ABSORVE\u00c7\u00c3O TIPO COLMEIA<\/p>\n<p>Grade: \u00danico. (par)<\/p>\n<p class=\"_aupe copyable-text x15bjb6t x1n2onr6\"><span class=\"_aupe copyable-text xkrh14z\"><\/span><\/p>\n<p class=\"_aupe copyable-text x15bjb6t x1n2onr6\"><span class=\"_aupe copyable-text xkrh14z\"><span class=\"a_GcMg font-feature-liga-off font-feature-clig-off font-feature-calt-off text-decoration-none text-strikethrough-none\">Notifica\u00e7\u00e3o ANVISA:<\/span> N\u00ba 80879060031<\/span><\/p>\n","protected":false},"featured_media":6538,"comment_status":"open","ping_status":"closed","template":"","meta":[],"product_brand":[],"product_cat":[70,75],"product_tag":[],"class_list":{"0":"post-6537","1":"product","2":"type-product","3":"status-publish","4":"has-post-thumbnail","6":"product_cat-gel","7":"product_cat-tornozelo","9":"first","10":"instock","11":"shipping-taxable","12":"product-type-simple"},"_links":{"self":[{"href":"http:\/\/tima.com.br\/tima\/wp-json\/wp\/v2\/product\/6537","targetHints":{"allow":["GET"]}}],"collection":[{"href":"http:\/\/tima.com.br\/tima\/wp-json\/wp\/v2\/product"}],"about":[{"href":"http:\/\/tima.com.br\/tima\/wp-json\/wp\/v2\/types\/product"}],"replies":[{"embeddable":true,"href":"http:\/\/tima.com.br\/tima\/wp-json\/wp\/v2\/comments?post=6537"}],"wp:featuredmedia":[{"embeddable":true,"href":"http:\/\/tima.com.br\/tima\/wp-json\/wp\/v2\/media\/6538"}],"wp:attachment":[{"href":"http:\/\/tima.com.br\/tima\/wp-json\/wp\/v2\/media?parent=6537"}],"wp:term":[{"taxonomy":"product_brand","embeddable":true,"href":"http:\/\/tima.com.br\/tima\/wp-json\/wp\/v2\/product_brand?post=6537"},{"taxonomy":"product_cat","embeddable":true,"href":"http:\/\/tima.com.br\/tima\/wp-json\/wp\/v2\/product_cat?post=6537"},{"taxonomy":"product_tag","embeddable":true,"href":"http:\/\/tima.com.br\/tima\/wp-json\/wp\/v2\/product_tag?post=6537"}],"curies":[{"name":"wp","href":"https:\/\/api.w.org\/{rel}","templated":true}]}}