{"id":6531,"date":"2022-01-29T23:00:28","date_gmt":"2022-01-30T02:00:28","guid":{"rendered":"http:\/\/tima.com.br\/tima\/?post_type=product&#038;p=6531"},"modified":"2026-05-04T18:41:14","modified_gmt":"2026-05-04T21:41:14","slug":"calcanheira-acomodativa-flex","status":"publish","type":"product","link":"http:\/\/tima.com.br\/tima\/product\/calcanheira-acomodativa-flex\/","title":{"rendered":"Calcanheira Acomodativa \u2013 Flex"},"content":{"rendered":"<p>Prote\u00e7\u00e3o e conforto para espor\u00e3o de calc\u00e2neo e demais afec\u00e7\u00f5es.<\/p>\n<div>\n<div>\n<div>\n<\/div>\n<div>\n<p><span class=\"a_GcMg font-feature-liga-off font-feature-clig-off font-feature-calt-off text-decoration-none text-strikethrough-none\">Notifica\u00e7\u00e3o ANVISA:<\/span> N\u00ba 80879060035<\/p>\n<\/div>\n<\/div>\n<\/div>\n","protected":false},"excerpt":{"rendered":"<p>Indica\u00e7\u00e3o: Prote\u00e7\u00e3o e conforto para espor\u00e3o de calc\u00e2neo e demais afec\u00e7\u00f5es. Possui sistema de amortecimento de dupla densidade e alta resist\u00eancia, com pontos de al\u00edvio para maior absor\u00e7\u00e3o de impacto, mantendo a estabilidade dos tornozelos.<\/p>\n<p>Grade: P; M; G. (par)<\/p>\n<div>\n<div>\n<div>\n<\/div>\n<div>\n<p><span class=\"a_GcMg font-feature-liga-off font-feature-clig-off font-feature-calt-off text-decoration-none text-strikethrough-none\">Notifica\u00e7\u00e3o ANVISA:<\/span> N\u00ba 80879060035<\/p>\n<\/div>\n<\/div>\n<\/div>\n","protected":false},"featured_media":6533,"comment_status":"open","ping_status":"closed","template":"","meta":[],"product_brand":[],"product_cat":[70,75],"product_tag":[],"class_list":{"0":"post-6531","1":"product","2":"type-product","3":"status-publish","4":"has-post-thumbnail","6":"product_cat-gel","7":"product_cat-tornozelo","9":"first","10":"instock","11":"shipping-taxable","12":"product-type-simple"},"_links":{"self":[{"href":"http:\/\/tima.com.br\/tima\/wp-json\/wp\/v2\/product\/6531","targetHints":{"allow":["GET"]}}],"collection":[{"href":"http:\/\/tima.com.br\/tima\/wp-json\/wp\/v2\/product"}],"about":[{"href":"http:\/\/tima.com.br\/tima\/wp-json\/wp\/v2\/types\/product"}],"replies":[{"embeddable":true,"href":"http:\/\/tima.com.br\/tima\/wp-json\/wp\/v2\/comments?post=6531"}],"wp:featuredmedia":[{"embeddable":true,"href":"http:\/\/tima.com.br\/tima\/wp-json\/wp\/v2\/media\/6533"}],"wp:attachment":[{"href":"http:\/\/tima.com.br\/tima\/wp-json\/wp\/v2\/media?parent=6531"}],"wp:term":[{"taxonomy":"product_brand","embeddable":true,"href":"http:\/\/tima.com.br\/tima\/wp-json\/wp\/v2\/product_brand?post=6531"},{"taxonomy":"product_cat","embeddable":true,"href":"http:\/\/tima.com.br\/tima\/wp-json\/wp\/v2\/product_cat?post=6531"},{"taxonomy":"product_tag","embeddable":true,"href":"http:\/\/tima.com.br\/tima\/wp-json\/wp\/v2\/product_tag?post=6531"}],"curies":[{"name":"wp","href":"https:\/\/api.w.org\/{rel}","templated":true}]}}