{"id":6517,"date":"2022-01-29T22:29:20","date_gmt":"2022-01-30T01:29:20","guid":{"rendered":"http:\/\/tima.com.br\/tima\/?post_type=product&#038;p=6517"},"modified":"2026-05-04T18:41:13","modified_gmt":"2026-05-04T21:41:13","slug":"protetor-gel-adesivo-para-calosidades","status":"publish","type":"product","link":"http:\/\/tima.com.br\/tima\/product\/protetor-gel-adesivo-para-calosidades\/","title":{"rendered":"Protetor Gel Adesivo para Calosidades"},"content":{"rendered":"<p>Indicado para para calosidades plantares.<br \/>\n<span class=\"_aupe copyable-text xkrh14z\"><\/span><\/p>\n<p><span class=\"a_GcMg font-feature-liga-off font-feature-clig-off font-feature-calt-off text-decoration-none text-strikethrough-none\">Notifica\u00e7\u00e3o ANVISA:<\/span> N\u00ba 80879060039<\/p>\n","protected":false},"excerpt":{"rendered":"<p>Indica\u00e7\u00e3o: Para calosidades plantares. Possui base autoadesiva para fixa\u00e7\u00e3o e centro com orif\u00edcio. Evita o atrito e a press\u00e3o direta sobre a calosidade. Prote\u00e7\u00e3o e conforto da regi\u00e3o aplicada.<\/p>\n<p>Grade: \u00danico. (com 03 unid.)<\/p>\n<p><span class=\"_aupe copyable-text xkrh14z\"><\/span><\/p>\n<p><span class=\"a_GcMg font-feature-liga-off font-feature-clig-off font-feature-calt-off text-decoration-none text-strikethrough-none\">Notifica\u00e7\u00e3o ANVISA: <\/span>N\u00ba 80879060039<\/p>\n","protected":false},"featured_media":6518,"comment_status":"open","ping_status":"closed","template":"","meta":[],"product_brand":[],"product_cat":[70,75],"product_tag":[],"class_list":{"0":"post-6517","1":"product","2":"type-product","3":"status-publish","4":"has-post-thumbnail","6":"product_cat-gel","7":"product_cat-tornozelo","9":"first","10":"instock","11":"shipping-taxable","12":"product-type-simple"},"_links":{"self":[{"href":"http:\/\/tima.com.br\/tima\/wp-json\/wp\/v2\/product\/6517","targetHints":{"allow":["GET"]}}],"collection":[{"href":"http:\/\/tima.com.br\/tima\/wp-json\/wp\/v2\/product"}],"about":[{"href":"http:\/\/tima.com.br\/tima\/wp-json\/wp\/v2\/types\/product"}],"replies":[{"embeddable":true,"href":"http:\/\/tima.com.br\/tima\/wp-json\/wp\/v2\/comments?post=6517"}],"wp:featuredmedia":[{"embeddable":true,"href":"http:\/\/tima.com.br\/tima\/wp-json\/wp\/v2\/media\/6518"}],"wp:attachment":[{"href":"http:\/\/tima.com.br\/tima\/wp-json\/wp\/v2\/media?parent=6517"}],"wp:term":[{"taxonomy":"product_brand","embeddable":true,"href":"http:\/\/tima.com.br\/tima\/wp-json\/wp\/v2\/product_brand?post=6517"},{"taxonomy":"product_cat","embeddable":true,"href":"http:\/\/tima.com.br\/tima\/wp-json\/wp\/v2\/product_cat?post=6517"},{"taxonomy":"product_tag","embeddable":true,"href":"http:\/\/tima.com.br\/tima\/wp-json\/wp\/v2\/product_tag?post=6517"}],"curies":[{"name":"wp","href":"https:\/\/api.w.org\/{rel}","templated":true}]}}