{"id":6476,"date":"2022-01-29T21:44:18","date_gmt":"2022-01-30T00:44:18","guid":{"rendered":"http:\/\/tima.com.br\/tima\/?post_type=product&#038;p=6476"},"modified":"2026-05-04T18:41:10","modified_gmt":"2026-05-04T21:41:10","slug":"protetor-para-joanete-do-5o-metatarso","status":"publish","type":"product","link":"http:\/\/tima.com.br\/tima\/product\/protetor-para-joanete-do-5o-metatarso\/","title":{"rendered":"Protetor para Joanete do 5\u00ba Metatarso"},"content":{"rendered":"<p>Cobre e protege o joanete no quinto metatarso da press\u00e3o e do atrito provocado pelo cal\u00e7ado, aliviando a dor e impedindo o avan\u00e7o desta patologia.<\/p>\n<p class=\"_aupe copyable-text x15bjb6t x1n2onr6\"><span class=\"_aupe copyable-text xkrh14z\"><\/span><\/p>\n<p class=\"_aupe copyable-text x15bjb6t x1n2onr6\"><span class=\"_aupe copyable-text xkrh14z\"><span class=\"a_GcMg font-feature-liga-off font-feature-clig-off font-feature-calt-off text-decoration-none text-strikethrough-none\">Notifica\u00e7\u00e3o ANVISA:<\/span> N\u00ba 80879060034<\/span><\/p>\n","protected":false},"excerpt":{"rendered":"<p>Indica\u00e7\u00e3o: Cobre e protege o joanete no quinto metatarso da press\u00e3o e do atrito provocado pelo cal\u00e7ado, aliviando a dor e impedindo o avan\u00e7o desta patologia. Malha revestida internamente em gel.<\/p>\n<p>Grade: \u00danico (pe\u00e7a)<\/p>\n<p class=\"_aupe copyable-text x15bjb6t x1n2onr6\"><span class=\"_aupe copyable-text xkrh14z\"><\/span><\/p>\n<p class=\"_aupe copyable-text x15bjb6t x1n2onr6\"><span class=\"_aupe copyable-text xkrh14z\"><span class=\"a_GcMg font-feature-liga-off font-feature-clig-off font-feature-calt-off text-decoration-none text-strikethrough-none\">Notifica\u00e7\u00e3o ANVISA:<\/span> N\u00ba 80879060034<\/span><\/p>\n","protected":false},"featured_media":6479,"comment_status":"open","ping_status":"closed","template":"","meta":[],"product_brand":[],"product_cat":[70,75],"product_tag":[],"class_list":{"0":"post-6476","1":"product","2":"type-product","3":"status-publish","4":"has-post-thumbnail","6":"product_cat-gel","7":"product_cat-tornozelo","9":"first","10":"instock","11":"shipping-taxable","12":"product-type-simple"},"_links":{"self":[{"href":"http:\/\/tima.com.br\/tima\/wp-json\/wp\/v2\/product\/6476","targetHints":{"allow":["GET"]}}],"collection":[{"href":"http:\/\/tima.com.br\/tima\/wp-json\/wp\/v2\/product"}],"about":[{"href":"http:\/\/tima.com.br\/tima\/wp-json\/wp\/v2\/types\/product"}],"replies":[{"embeddable":true,"href":"http:\/\/tima.com.br\/tima\/wp-json\/wp\/v2\/comments?post=6476"}],"wp:featuredmedia":[{"embeddable":true,"href":"http:\/\/tima.com.br\/tima\/wp-json\/wp\/v2\/media\/6479"}],"wp:attachment":[{"href":"http:\/\/tima.com.br\/tima\/wp-json\/wp\/v2\/media?parent=6476"}],"wp:term":[{"taxonomy":"product_brand","embeddable":true,"href":"http:\/\/tima.com.br\/tima\/wp-json\/wp\/v2\/product_brand?post=6476"},{"taxonomy":"product_cat","embeddable":true,"href":"http:\/\/tima.com.br\/tima\/wp-json\/wp\/v2\/product_cat?post=6476"},{"taxonomy":"product_tag","embeddable":true,"href":"http:\/\/tima.com.br\/tima\/wp-json\/wp\/v2\/product_tag?post=6476"}],"curies":[{"name":"wp","href":"https:\/\/api.w.org\/{rel}","templated":true}]}}