{"id":6474,"date":"2022-01-29T20:17:37","date_gmt":"2022-01-29T23:17:37","guid":{"rendered":"http:\/\/tima.com.br\/tima\/?post_type=product&#038;p=6474"},"modified":"2026-05-04T18:41:10","modified_gmt":"2026-05-04T21:41:10","slug":"cinta-com-apoio-metatarsal-em-gel","status":"publish","type":"product","link":"http:\/\/tima.com.br\/tima\/product\/cinta-com-apoio-metatarsal-em-gel\/","title":{"rendered":"Cinta com Apoio Metatarsal em Gel"},"content":{"rendered":"<p>Prote\u00e7\u00e3o e eleva\u00e7\u00e3o das cabe\u00e7as dos metatarsos no caso de queda do arco transverso, apoiando a regi\u00e3o plantar.<\/p>\n<p><span class=\"a_GcMg font-feature-liga-off font-feature-clig-off font-feature-calt-off text-decoration-none text-strikethrough-none\">Notifica\u00e7\u00e3o ANVISA:<\/span> N\u00ba 80879060033<\/p>\n","protected":false},"excerpt":{"rendered":"<p>Indica\u00e7\u00e3o: Prote\u00e7\u00e3o e eleva\u00e7\u00e3o das cabe\u00e7as dos metatarsos no caso de queda do arco transverso, apoiando a regi\u00e3o plantar.<\/p>\n<p>Grade: P; M; G \u2013 Lado Direito; Lado Esquerdo (pe\u00e7a)<\/p>\n<p><span class=\"a_GcMg font-feature-liga-off font-feature-clig-off font-feature-calt-off text-decoration-none text-strikethrough-none\">Notifica\u00e7\u00e3o ANVISA:<\/span> N\u00ba 80879060033<\/p>\n","protected":false},"featured_media":6475,"comment_status":"open","ping_status":"closed","template":"","meta":[],"product_brand":[],"product_cat":[70,75],"product_tag":[],"class_list":{"0":"post-6474","1":"product","2":"type-product","3":"status-publish","4":"has-post-thumbnail","6":"product_cat-gel","7":"product_cat-tornozelo","9":"first","10":"instock","11":"shipping-taxable","12":"product-type-simple"},"_links":{"self":[{"href":"http:\/\/tima.com.br\/tima\/wp-json\/wp\/v2\/product\/6474","targetHints":{"allow":["GET"]}}],"collection":[{"href":"http:\/\/tima.com.br\/tima\/wp-json\/wp\/v2\/product"}],"about":[{"href":"http:\/\/tima.com.br\/tima\/wp-json\/wp\/v2\/types\/product"}],"replies":[{"embeddable":true,"href":"http:\/\/tima.com.br\/tima\/wp-json\/wp\/v2\/comments?post=6474"}],"wp:featuredmedia":[{"embeddable":true,"href":"http:\/\/tima.com.br\/tima\/wp-json\/wp\/v2\/media\/6475"}],"wp:attachment":[{"href":"http:\/\/tima.com.br\/tima\/wp-json\/wp\/v2\/media?parent=6474"}],"wp:term":[{"taxonomy":"product_brand","embeddable":true,"href":"http:\/\/tima.com.br\/tima\/wp-json\/wp\/v2\/product_brand?post=6474"},{"taxonomy":"product_cat","embeddable":true,"href":"http:\/\/tima.com.br\/tima\/wp-json\/wp\/v2\/product_cat?post=6474"},{"taxonomy":"product_tag","embeddable":true,"href":"http:\/\/tima.com.br\/tima\/wp-json\/wp\/v2\/product_tag?post=6474"}],"curies":[{"name":"wp","href":"https:\/\/api.w.org\/{rel}","templated":true}]}}