{"id":6459,"date":"2022-01-28T19:56:35","date_gmt":"2022-01-28T22:56:35","guid":{"rendered":"http:\/\/tima.com.br\/tima\/?post_type=product&#038;p=6459"},"modified":"2026-05-04T18:41:07","modified_gmt":"2026-05-04T21:41:07","slug":"anel-duplo","status":"publish","type":"product","link":"http:\/\/tima.com.br\/tima\/product\/anel-duplo\/","title":{"rendered":"Anel Duplo"},"content":{"rendered":"<p>Protege e separa dedos sobrepostos, elimina a press\u00e3o e o atrito causado pelos cal\u00e7ados, evitando o surgimento de calos e calosidades.<\/p>\n<p><span class=\"_aupe copyable-text xkrh14z\"><\/span><\/p>\n<p>Notifica\u00e7\u00e3o ANVISA N\u00ba 80879060042<\/p>\n","protected":false},"excerpt":{"rendered":"<p>Indica\u00e7\u00e3o: Protege e separa dedos sobrepostos, elimina a press\u00e3o e o atrito causado pelos cal\u00e7ados, evitando o surgimento de calos e calosidades.<\/p>\n<p>Grade: PP; P (pe\u00e7a)<\/p>\n<p><span class=\"_aupe copyable-text xkrh14z\"><\/span><\/p>\n<p>Notifica\u00e7\u00e3o ANVISA N\u00ba 80879060042<\/p>\n","protected":false},"featured_media":6461,"comment_status":"open","ping_status":"closed","template":"","meta":[],"product_brand":[],"product_cat":[70,75],"product_tag":[],"class_list":{"0":"post-6459","1":"product","2":"type-product","3":"status-publish","4":"has-post-thumbnail","6":"product_cat-gel","7":"product_cat-tornozelo","9":"first","10":"instock","11":"shipping-taxable","12":"product-type-simple"},"_links":{"self":[{"href":"http:\/\/tima.com.br\/tima\/wp-json\/wp\/v2\/product\/6459","targetHints":{"allow":["GET"]}}],"collection":[{"href":"http:\/\/tima.com.br\/tima\/wp-json\/wp\/v2\/product"}],"about":[{"href":"http:\/\/tima.com.br\/tima\/wp-json\/wp\/v2\/types\/product"}],"replies":[{"embeddable":true,"href":"http:\/\/tima.com.br\/tima\/wp-json\/wp\/v2\/comments?post=6459"}],"wp:featuredmedia":[{"embeddable":true,"href":"http:\/\/tima.com.br\/tima\/wp-json\/wp\/v2\/media\/6461"}],"wp:attachment":[{"href":"http:\/\/tima.com.br\/tima\/wp-json\/wp\/v2\/media?parent=6459"}],"wp:term":[{"taxonomy":"product_brand","embeddable":true,"href":"http:\/\/tima.com.br\/tima\/wp-json\/wp\/v2\/product_brand?post=6459"},{"taxonomy":"product_cat","embeddable":true,"href":"http:\/\/tima.com.br\/tima\/wp-json\/wp\/v2\/product_cat?post=6459"},{"taxonomy":"product_tag","embeddable":true,"href":"http:\/\/tima.com.br\/tima\/wp-json\/wp\/v2\/product_tag?post=6459"}],"curies":[{"name":"wp","href":"https:\/\/api.w.org\/{rel}","templated":true}]}}