{"id":6448,"date":"2022-01-28T19:29:55","date_gmt":"2022-01-28T22:29:55","guid":{"rendered":"http:\/\/tima.com.br\/tima\/?post_type=product&#038;p=6448"},"modified":"2026-05-04T18:41:06","modified_gmt":"2026-05-04T21:41:06","slug":"anel-digital-para-calos-3","status":"publish","type":"product","link":"http:\/\/tima.com.br\/tima\/product\/anel-digital-para-calos-3\/","title":{"rendered":"Anel Digital para Calos"},"content":{"rendered":"<p>Indicado para prote\u00e7\u00e3o de calos, calosidades e outras afec\u00e7\u00f5es na regi\u00e3o dos dedos e al\u00edvio de dor decorrente do atrito e da press\u00e3o causados pelos cal\u00e7ados.<\/p>\n<p><span class=\"_aupe copyable-text xkrh14z\"><\/span><\/p>\n<p><span class=\"_aupe copyable-text xkrh14z\"><span class=\"a_GcMg font-feature-liga-off font-feature-clig-off font-feature-calt-off text-decoration-none text-strikethrough-none\">Notifica\u00e7\u00e3o ANVISA:<\/span> N\u00ba 80879060042<\/span><\/p>\n","protected":false},"excerpt":{"rendered":"<p>Indica\u00e7\u00e3o: Para prote\u00e7\u00e3o de calos, calosidades e outras afec\u00e7\u00f5es na regi\u00e3o dos dedos e al\u00edvio de dor decorrente do atrito e da press\u00e3o causados pelos cal\u00e7ados.<\/p>\n<p>Grade P. e PP (jogo com 06 unidades)<\/p>\n<p><span class=\"_aupe copyable-text xkrh14z\"><\/span><\/p>\n<p><span class=\"_aupe copyable-text xkrh14z\"><span class=\"a_GcMg font-feature-liga-off font-feature-clig-off font-feature-calt-off text-decoration-none text-strikethrough-none\">Notifica\u00e7\u00e3o ANVISA:<\/span> N\u00ba 80879060042<\/span><\/p>\n<p>&nbsp;<\/p>\n","protected":false},"featured_media":6449,"comment_status":"open","ping_status":"closed","template":"","meta":[],"product_brand":[],"product_cat":[70,75],"product_tag":[],"class_list":{"0":"post-6448","1":"product","2":"type-product","3":"status-publish","4":"has-post-thumbnail","6":"product_cat-gel","7":"product_cat-tornozelo","9":"first","10":"instock","11":"shipping-taxable","12":"product-type-simple"},"_links":{"self":[{"href":"http:\/\/tima.com.br\/tima\/wp-json\/wp\/v2\/product\/6448","targetHints":{"allow":["GET"]}}],"collection":[{"href":"http:\/\/tima.com.br\/tima\/wp-json\/wp\/v2\/product"}],"about":[{"href":"http:\/\/tima.com.br\/tima\/wp-json\/wp\/v2\/types\/product"}],"replies":[{"embeddable":true,"href":"http:\/\/tima.com.br\/tima\/wp-json\/wp\/v2\/comments?post=6448"}],"wp:featuredmedia":[{"embeddable":true,"href":"http:\/\/tima.com.br\/tima\/wp-json\/wp\/v2\/media\/6449"}],"wp:attachment":[{"href":"http:\/\/tima.com.br\/tima\/wp-json\/wp\/v2\/media?parent=6448"}],"wp:term":[{"taxonomy":"product_brand","embeddable":true,"href":"http:\/\/tima.com.br\/tima\/wp-json\/wp\/v2\/product_brand?post=6448"},{"taxonomy":"product_cat","embeddable":true,"href":"http:\/\/tima.com.br\/tima\/wp-json\/wp\/v2\/product_cat?post=6448"},{"taxonomy":"product_tag","embeddable":true,"href":"http:\/\/tima.com.br\/tima\/wp-json\/wp\/v2\/product_tag?post=6448"}],"curies":[{"name":"wp","href":"https:\/\/api.w.org\/{rel}","templated":true}]}}