{"id":6434,"date":"2022-01-28T19:17:39","date_gmt":"2022-01-28T22:17:39","guid":{"rendered":"http:\/\/tima.com.br\/tima\/?post_type=product&#038;p=6434"},"modified":"2026-05-04T18:41:05","modified_gmt":"2026-05-04T21:41:05","slug":"tubo-recortavel-malha-elastica-com-gel","status":"publish","type":"product","link":"http:\/\/tima.com.br\/tima\/product\/tubo-recortavel-malha-elastica-com-gel\/","title":{"rendered":"Tubo Recort\u00e1vel (malha el\u00e1stica com gel)"},"content":{"rendered":"<p>Confec\u00e7\u00e3o de an\u00e9is digitais para prote\u00e7\u00e3o de calos e calosidades na regi\u00e3o dos dedos e al\u00edvio de dores geradas pelo atrito com o cal\u00e7ado.<\/p>\n<p class=\"_aupe copyable-text x15bjb6t x1n2onr6\"><span class=\"_aupe copyable-text xkrh14z\"><\/span><\/p>\n<p class=\"_aupe copyable-text x15bjb6t x1n2onr6\"><span class=\"_aupe copyable-text xkrh14z\"><span class=\"a_GcMg font-feature-liga-off font-feature-clig-off font-feature-calt-off text-decoration-none text-strikethrough-none\">Notifica\u00e7\u00e3o ANVISA:<\/span> N\u00ba 80879060033<\/span><\/p>\n","protected":false},"excerpt":{"rendered":"<p>Indica\u00e7\u00e3o: Confec\u00e7\u00e3o de an\u00e9is digitais para prote\u00e7\u00e3o de calos e calosidades na regi\u00e3o dos dedos e al\u00edvio de dores geradas pelo atrito com o cal\u00e7ado.<\/p>\n<p>Grade: PP; P; M; G (pe\u00e7a)<\/p>\n<p class=\"_aupe copyable-text x15bjb6t x1n2onr6\"><span class=\"_aupe copyable-text xkrh14z\"><\/span><\/p>\n<p class=\"_aupe copyable-text x15bjb6t x1n2onr6\"><span class=\"_aupe copyable-text xkrh14z\"><span class=\"a_GcMg font-feature-liga-off font-feature-clig-off font-feature-calt-off text-decoration-none text-strikethrough-none\">Notifica\u00e7\u00e3o ANVISA:<\/span> N\u00ba 80879060033<\/span><\/p>\n","protected":false},"featured_media":6436,"comment_status":"open","ping_status":"closed","template":"","meta":[],"product_brand":[],"product_cat":[70,75],"product_tag":[],"class_list":{"0":"post-6434","1":"product","2":"type-product","3":"status-publish","4":"has-post-thumbnail","6":"product_cat-gel","7":"product_cat-tornozelo","9":"first","10":"instock","11":"shipping-taxable","12":"product-type-simple"},"_links":{"self":[{"href":"http:\/\/tima.com.br\/tima\/wp-json\/wp\/v2\/product\/6434","targetHints":{"allow":["GET"]}}],"collection":[{"href":"http:\/\/tima.com.br\/tima\/wp-json\/wp\/v2\/product"}],"about":[{"href":"http:\/\/tima.com.br\/tima\/wp-json\/wp\/v2\/types\/product"}],"replies":[{"embeddable":true,"href":"http:\/\/tima.com.br\/tima\/wp-json\/wp\/v2\/comments?post=6434"}],"wp:featuredmedia":[{"embeddable":true,"href":"http:\/\/tima.com.br\/tima\/wp-json\/wp\/v2\/media\/6436"}],"wp:attachment":[{"href":"http:\/\/tima.com.br\/tima\/wp-json\/wp\/v2\/media?parent=6434"}],"wp:term":[{"taxonomy":"product_brand","embeddable":true,"href":"http:\/\/tima.com.br\/tima\/wp-json\/wp\/v2\/product_brand?post=6434"},{"taxonomy":"product_cat","embeddable":true,"href":"http:\/\/tima.com.br\/tima\/wp-json\/wp\/v2\/product_cat?post=6434"},{"taxonomy":"product_tag","embeddable":true,"href":"http:\/\/tima.com.br\/tima\/wp-json\/wp\/v2\/product_tag?post=6434"}],"curies":[{"name":"wp","href":"https:\/\/api.w.org\/{rel}","templated":true}]}}