{"id":6412,"date":"2022-01-28T18:28:20","date_gmt":"2022-01-28T21:28:20","guid":{"rendered":"http:\/\/tima.com.br\/tima\/?post_type=product&#038;p=6412"},"modified":"2026-05-05T20:31:12","modified_gmt":"2026-05-05T23:31:12","slug":"silihand","status":"publish","type":"product","link":"http:\/\/tima.com.br\/tima\/product\/silihand\/","title":{"rendered":"Silihand"},"content":{"rendered":"<p>Indica\u00e7\u00e3o: Exercitador manual para fisioterapia. Auxilia na reabilita\u00e7\u00e3o e promove circula\u00e7\u00e3o sangu\u00ednea da regi\u00e3o exercitada (m\u00e3os).<\/p>\n<p>Grade: \u00danico. Lado Direito \/ Lado Esquerdo<\/p>\n<p><span class=\"a_GcMg font-feature-liga-off font-feature-clig-off font-feature-calt-off text-decoration-none text-strikethrough-none\">Notifica\u00e7\u00e3o ANVISA: N\u00ba <\/span><span class=\"a_GcMg font-feature-liga-off font-feature-clig-off font-feature-calt-off text-decoration-none text-strikethrough-none\">80879060040<\/span><\/p>\n<p>&nbsp;<\/p>\n","protected":false},"excerpt":{"rendered":"<p>Indica\u00e7\u00e3o: Exercitador manual para fisioterapia. Auxilia na reabilita\u00e7\u00e3o e promove circula\u00e7\u00e3o sangu\u00ednea da regi\u00e3o exercitada (m\u00e3os).<\/p>\n<p>Grade: \u00danico. Lado Direito \/ Lado Esquerdo<\/p>\n<p><span class=\"a_GcMg font-feature-liga-off font-feature-clig-off font-feature-calt-off text-decoration-none text-strikethrough-none\">Notifica\u00e7\u00e3o ANVISA: N\u00ba <\/span><span class=\"a_GcMg font-feature-liga-off font-feature-clig-off font-feature-calt-off text-decoration-none text-strikethrough-none\">80879060040<\/span><\/p>\n","protected":false},"featured_media":6413,"comment_status":"open","ping_status":"closed","template":"","meta":[],"product_brand":[],"product_cat":[79,72],"product_tag":[],"class_list":{"0":"post-6412","1":"product","2":"type-product","3":"status-publish","4":"has-post-thumbnail","6":"product_cat-mao-pulso","7":"product_cat-silicone","9":"first","10":"instock","11":"shipping-taxable","12":"product-type-simple"},"_links":{"self":[{"href":"http:\/\/tima.com.br\/tima\/wp-json\/wp\/v2\/product\/6412","targetHints":{"allow":["GET"]}}],"collection":[{"href":"http:\/\/tima.com.br\/tima\/wp-json\/wp\/v2\/product"}],"about":[{"href":"http:\/\/tima.com.br\/tima\/wp-json\/wp\/v2\/types\/product"}],"replies":[{"embeddable":true,"href":"http:\/\/tima.com.br\/tima\/wp-json\/wp\/v2\/comments?post=6412"}],"wp:featuredmedia":[{"embeddable":true,"href":"http:\/\/tima.com.br\/tima\/wp-json\/wp\/v2\/media\/6413"}],"wp:attachment":[{"href":"http:\/\/tima.com.br\/tima\/wp-json\/wp\/v2\/media?parent=6412"}],"wp:term":[{"taxonomy":"product_brand","embeddable":true,"href":"http:\/\/tima.com.br\/tima\/wp-json\/wp\/v2\/product_brand?post=6412"},{"taxonomy":"product_cat","embeddable":true,"href":"http:\/\/tima.com.br\/tima\/wp-json\/wp\/v2\/product_cat?post=6412"},{"taxonomy":"product_tag","embeddable":true,"href":"http:\/\/tima.com.br\/tima\/wp-json\/wp\/v2\/product_tag?post=6412"}],"curies":[{"name":"wp","href":"https:\/\/api.w.org\/{rel}","templated":true}]}}