{"id":6345,"date":"2022-01-28T15:58:56","date_gmt":"2022-01-28T18:58:56","guid":{"rendered":"http:\/\/tima.com.br\/tima\/?post_type=product&#038;p=6345"},"modified":"2026-05-04T18:40:58","modified_gmt":"2026-05-04T21:40:58","slug":"calcanheira-confortima-%c2%be","status":"publish","type":"product","link":"http:\/\/tima.com.br\/tima\/product\/calcanheira-confortima-%c2%be\/","title":{"rendered":"Calcanheira Confortima \u00be"},"content":{"rendered":"<p>Indicado para prote\u00e7\u00e3o e conforto do espor\u00e3o de calc\u00e2neo, absor\u00e7\u00e3o de impacto e demais afec\u00e7\u00f5es.<\/p>\n<p><span class=\"_aupe copyable-text xkrh14z\">Notifica\u00e7\u00e3o ANVISA:<\/span> N\u00ba 80879060037<\/p>\n","protected":false},"excerpt":{"rendered":"<p>Indica\u00e7\u00e3o: Prote\u00e7\u00e3o e conforto para espor\u00e3o de calc\u00e2neo, absor\u00e7\u00e3o de impacto e demais afec\u00e7\u00f5es. Possui abas altas e uma leve eleva\u00e7\u00e3o do arco longitudinal.<\/p>\n<p>Grade: P; M; G. (par)<\/p>\n<p><span class=\"_aupe copyable-text xkrh14z\">Notifica\u00e7\u00e3o ANVISA:<\/span> N\u00ba 80879060037<\/p>\n","protected":false},"featured_media":6346,"comment_status":"open","ping_status":"closed","template":"","meta":[],"product_brand":[],"product_cat":[72,75],"product_tag":[],"class_list":{"0":"post-6345","1":"product","2":"type-product","3":"status-publish","4":"has-post-thumbnail","6":"product_cat-silicone","7":"product_cat-tornozelo","9":"first","10":"instock","11":"shipping-taxable","12":"product-type-simple"},"_links":{"self":[{"href":"http:\/\/tima.com.br\/tima\/wp-json\/wp\/v2\/product\/6345","targetHints":{"allow":["GET"]}}],"collection":[{"href":"http:\/\/tima.com.br\/tima\/wp-json\/wp\/v2\/product"}],"about":[{"href":"http:\/\/tima.com.br\/tima\/wp-json\/wp\/v2\/types\/product"}],"replies":[{"embeddable":true,"href":"http:\/\/tima.com.br\/tima\/wp-json\/wp\/v2\/comments?post=6345"}],"wp:featuredmedia":[{"embeddable":true,"href":"http:\/\/tima.com.br\/tima\/wp-json\/wp\/v2\/media\/6346"}],"wp:attachment":[{"href":"http:\/\/tima.com.br\/tima\/wp-json\/wp\/v2\/media?parent=6345"}],"wp:term":[{"taxonomy":"product_brand","embeddable":true,"href":"http:\/\/tima.com.br\/tima\/wp-json\/wp\/v2\/product_brand?post=6345"},{"taxonomy":"product_cat","embeddable":true,"href":"http:\/\/tima.com.br\/tima\/wp-json\/wp\/v2\/product_cat?post=6345"},{"taxonomy":"product_tag","embeddable":true,"href":"http:\/\/tima.com.br\/tima\/wp-json\/wp\/v2\/product_tag?post=6345"}],"curies":[{"name":"wp","href":"https:\/\/api.w.org\/{rel}","templated":true}]}}