{"id":6341,"date":"2022-01-28T15:55:30","date_gmt":"2022-01-28T18:55:30","guid":{"rendered":"http:\/\/tima.com.br\/tima\/?post_type=product&#038;p=6341"},"modified":"2026-05-04T18:40:57","modified_gmt":"2026-05-04T21:40:57","slug":"calcanheira-meia-taloneta","status":"publish","type":"product","link":"http:\/\/tima.com.br\/tima\/product\/calcanheira-meia-taloneta\/","title":{"rendered":"Calcanheira Meia Taloneta"},"content":{"rendered":"<p>Indicado para ajuste da posi\u00e7\u00e3o do calcanhar ao caminhar, nos casos de indiv\u00edduos que pisam em supina\u00e7\u00e3o (lado de fora) e prona\u00e7\u00e3o (lado de dentro).<\/p>\n<p class=\"_aupe copyable-text x15bjb6t x1n2onr6\"><span class=\"_aupe copyable-text xkrh14z\"><\/span><\/p>\n<p class=\"_aupe copyable-text x15bjb6t x1n2onr6\"><span class=\"_aupe copyable-text xkrh14z\">Notifica\u00e7\u00e3o ANVISA: N\u00ba 80879060037<\/span><\/p>\n","protected":false},"excerpt":{"rendered":"<p>Indica\u00e7\u00e3o: Ajuste da posi\u00e7\u00e3o do calcanhar ao caminhar, nos casos de indiv\u00edduos que pisam em supina\u00e7\u00e3o (lado de fora) e prona\u00e7\u00e3o (lado de dentro). Evita o desgaste irregular do solado do cal\u00e7ado.<\/p>\n<p>Grade: M; G. (par)<\/p>\n<p class=\"_aupe copyable-text x15bjb6t x1n2onr6\"><span class=\"_aupe copyable-text xkrh14z\"><\/span><\/p>\n<p class=\"_aupe copyable-text x15bjb6t x1n2onr6\"><span class=\"_aupe copyable-text xkrh14z\">Notifica\u00e7\u00e3o ANVISA: Registro M.S. N\u00ba 80879060037<\/span><\/p>\n","protected":false},"featured_media":6342,"comment_status":"open","ping_status":"closed","template":"","meta":[],"product_brand":[],"product_cat":[72,75],"product_tag":[],"class_list":{"0":"post-6341","1":"product","2":"type-product","3":"status-publish","4":"has-post-thumbnail","6":"product_cat-silicone","7":"product_cat-tornozelo","9":"first","10":"instock","11":"shipping-taxable","12":"product-type-simple"},"_links":{"self":[{"href":"http:\/\/tima.com.br\/tima\/wp-json\/wp\/v2\/product\/6341","targetHints":{"allow":["GET"]}}],"collection":[{"href":"http:\/\/tima.com.br\/tima\/wp-json\/wp\/v2\/product"}],"about":[{"href":"http:\/\/tima.com.br\/tima\/wp-json\/wp\/v2\/types\/product"}],"replies":[{"embeddable":true,"href":"http:\/\/tima.com.br\/tima\/wp-json\/wp\/v2\/comments?post=6341"}],"wp:featuredmedia":[{"embeddable":true,"href":"http:\/\/tima.com.br\/tima\/wp-json\/wp\/v2\/media\/6342"}],"wp:attachment":[{"href":"http:\/\/tima.com.br\/tima\/wp-json\/wp\/v2\/media?parent=6341"}],"wp:term":[{"taxonomy":"product_brand","embeddable":true,"href":"http:\/\/tima.com.br\/tima\/wp-json\/wp\/v2\/product_brand?post=6341"},{"taxonomy":"product_cat","embeddable":true,"href":"http:\/\/tima.com.br\/tima\/wp-json\/wp\/v2\/product_cat?post=6341"},{"taxonomy":"product_tag","embeddable":true,"href":"http:\/\/tima.com.br\/tima\/wp-json\/wp\/v2\/product_tag?post=6341"}],"curies":[{"name":"wp","href":"https:\/\/api.w.org\/{rel}","templated":true}]}}