{"id":6290,"date":"2022-01-27T21:01:12","date_gmt":"2022-01-28T00:01:12","guid":{"rendered":"http:\/\/tima.com.br\/tima\/?post_type=product&#038;p=6290"},"modified":"2026-05-04T18:40:55","modified_gmt":"2026-05-04T21:40:55","slug":"tudo-recortavel","status":"publish","type":"product","link":"http:\/\/tima.com.br\/tima\/product\/tudo-recortavel\/","title":{"rendered":"Tudo Recort\u00e1vel"},"content":{"rendered":"<p>Previne a calosidade, aliviando o desconforto provocado pela press\u00e3o e atrito do cal\u00e7ado.<\/p>\n<p class=\"_aupe copyable-text x15bjb6t x1n2onr6\"><span class=\"_aupe copyable-text xkrh14z\"><\/span><\/p>\n<p class=\"_aupe copyable-text x15bjb6t x1n2onr6\"><span class=\"_aupe copyable-text xkrh14z\"><span class=\"a_GcMg font-feature-liga-off font-feature-clig-off font-feature-calt-off text-decoration-none text-strikethrough-none\">Notifica\u00e7\u00e3o ANVISA:<\/span> N\u00ba 80879060037<\/span><\/p>\n","protected":false},"excerpt":{"rendered":"<p>Indica\u00e7\u00e3o: Para confec\u00e7\u00e3o de an\u00e9is digitais. Previne a calosidade, aliviando o desconforto provocado pela press\u00e3o e atrito do cal\u00e7ado.<\/p>\n<p>Grade: P; M; G<\/p>\n<p class=\"_aupe copyable-text x15bjb6t x1n2onr6\"><span class=\"_aupe copyable-text xkrh14z\"><\/span><\/p>\n<p class=\"_aupe copyable-text x15bjb6t x1n2onr6\"><span class=\"_aupe copyable-text xkrh14z\"><span class=\"a_GcMg font-feature-liga-off font-feature-clig-off font-feature-calt-off text-decoration-none text-strikethrough-none\">Notifica\u00e7\u00e3o ANVISA: <\/span>N\u00ba 80879060037<\/span><\/p>\n","protected":false},"featured_media":6596,"comment_status":"open","ping_status":"closed","template":"","meta":[],"product_brand":[],"product_cat":[72],"product_tag":[],"class_list":{"0":"post-6290","1":"product","2":"type-product","3":"status-publish","4":"has-post-thumbnail","6":"product_cat-silicone","8":"first","9":"instock","10":"shipping-taxable","11":"product-type-simple"},"_links":{"self":[{"href":"http:\/\/tima.com.br\/tima\/wp-json\/wp\/v2\/product\/6290","targetHints":{"allow":["GET"]}}],"collection":[{"href":"http:\/\/tima.com.br\/tima\/wp-json\/wp\/v2\/product"}],"about":[{"href":"http:\/\/tima.com.br\/tima\/wp-json\/wp\/v2\/types\/product"}],"replies":[{"embeddable":true,"href":"http:\/\/tima.com.br\/tima\/wp-json\/wp\/v2\/comments?post=6290"}],"wp:featuredmedia":[{"embeddable":true,"href":"http:\/\/tima.com.br\/tima\/wp-json\/wp\/v2\/media\/6596"}],"wp:attachment":[{"href":"http:\/\/tima.com.br\/tima\/wp-json\/wp\/v2\/media?parent=6290"}],"wp:term":[{"taxonomy":"product_brand","embeddable":true,"href":"http:\/\/tima.com.br\/tima\/wp-json\/wp\/v2\/product_brand?post=6290"},{"taxonomy":"product_cat","embeddable":true,"href":"http:\/\/tima.com.br\/tima\/wp-json\/wp\/v2\/product_cat?post=6290"},{"taxonomy":"product_tag","embeddable":true,"href":"http:\/\/tima.com.br\/tima\/wp-json\/wp\/v2\/product_tag?post=6290"}],"curies":[{"name":"wp","href":"https:\/\/api.w.org\/{rel}","templated":true}]}}