{"id":6268,"date":"2022-01-27T20:36:51","date_gmt":"2022-01-27T23:36:51","guid":{"rendered":"http:\/\/tima.com.br\/tima\/?post_type=product&#038;p=6268"},"modified":"2026-05-05T11:51:34","modified_gmt":"2026-05-05T14:51:34","slug":"palmilha-plana-base-antiderrapante-com-apoio-para-esporao-e-metatarsos","status":"publish","type":"product","link":"http:\/\/tima.com.br\/tima\/product\/palmilha-plana-base-antiderrapante-com-apoio-para-esporao-e-metatarsos\/","title":{"rendered":"Palmilha Plana Base Antiderrapante com Apoio para Espor\u00e3o e Metatarsos"},"content":{"rendered":"<p>Indicado para prote\u00e7\u00e3o, descanso e conforto dos p\u00e9s, p\u00e9s diab\u00e9ticos e espor\u00e3o.<\/p>\n<p class=\"_aupe copyable-text x15bjb6t x1n2onr6\">\n<p class=\"_aupe copyable-text x15bjb6t x1n2onr6\"><span class=\"_aupe copyable-text xkrh14z\"><span class=\"a_GcMg font-feature-liga-off font-feature-clig-off font-feature-calt-off text-decoration-none text-strikethrough-none\">Notifica\u00e7\u00e3o ANVISA:<\/span> N\u00ba 80879060037<\/span><\/p>\n","protected":false},"excerpt":{"rendered":"<p>Indica\u00e7\u00e3o: Prote\u00e7\u00e3o, descanso e conforto dos p\u00e9s, p\u00e9s diab\u00e9ticos e espor\u00e3o. Absorve o impacto na marcha evitando calos, calosidades e outras deformidades.<\/p>\n<p>Grade: 32-33 \/34-35\/ 36-37\/38-39\/40-41\/ 42\/ 43-44\/45-46 (par)<\/p>\n<p class=\"_aupe copyable-text x15bjb6t x1n2onr6\">\n<p class=\"_aupe copyable-text x15bjb6t x1n2onr6\"><span class=\"_aupe copyable-text xkrh14z\"><span class=\"a_GcMg font-feature-liga-off font-feature-clig-off font-feature-calt-off text-decoration-none text-strikethrough-none\">Notifica\u00e7\u00e3o ANVISA:<\/span> N\u00ba 80879060037<\/span><\/p>\n","protected":false},"featured_media":6269,"comment_status":"open","ping_status":"closed","template":"","meta":[],"product_brand":[],"product_cat":[72,75],"product_tag":[],"class_list":{"0":"post-6268","1":"product","2":"type-product","3":"status-publish","4":"has-post-thumbnail","6":"product_cat-silicone","7":"product_cat-tornozelo","9":"first","10":"instock","11":"shipping-taxable","12":"product-type-simple"},"_links":{"self":[{"href":"http:\/\/tima.com.br\/tima\/wp-json\/wp\/v2\/product\/6268","targetHints":{"allow":["GET"]}}],"collection":[{"href":"http:\/\/tima.com.br\/tima\/wp-json\/wp\/v2\/product"}],"about":[{"href":"http:\/\/tima.com.br\/tima\/wp-json\/wp\/v2\/types\/product"}],"replies":[{"embeddable":true,"href":"http:\/\/tima.com.br\/tima\/wp-json\/wp\/v2\/comments?post=6268"}],"wp:featuredmedia":[{"embeddable":true,"href":"http:\/\/tima.com.br\/tima\/wp-json\/wp\/v2\/media\/6269"}],"wp:attachment":[{"href":"http:\/\/tima.com.br\/tima\/wp-json\/wp\/v2\/media?parent=6268"}],"wp:term":[{"taxonomy":"product_brand","embeddable":true,"href":"http:\/\/tima.com.br\/tima\/wp-json\/wp\/v2\/product_brand?post=6268"},{"taxonomy":"product_cat","embeddable":true,"href":"http:\/\/tima.com.br\/tima\/wp-json\/wp\/v2\/product_cat?post=6268"},{"taxonomy":"product_tag","embeddable":true,"href":"http:\/\/tima.com.br\/tima\/wp-json\/wp\/v2\/product_tag?post=6268"}],"curies":[{"name":"wp","href":"https:\/\/api.w.org\/{rel}","templated":true}]}}