{"id":6251,"date":"2022-01-27T19:49:46","date_gmt":"2022-01-27T22:49:46","guid":{"rendered":"http:\/\/tima.com.br\/tima\/?post_type=product&#038;p=6251"},"modified":"2026-05-06T14:46:46","modified_gmt":"2026-05-06T17:46:46","slug":"palmilha-plana","status":"publish","type":"product","link":"http:\/\/tima.com.br\/tima\/product\/palmilha-plana\/","title":{"rendered":"Palmilha Plana"},"content":{"rendered":"<p>Indicado para prote\u00e7\u00e3o, descanso e conforto dos p\u00e9s, inclusive p\u00e9s diab\u00e9ticos.<\/p>\n<p class=\"_aupe copyable-text x15bjb6t x1n2onr6\">\n<p class=\"_aupe copyable-text x15bjb6t x1n2onr6\"><span class=\"_aupe copyable-text xkrh14z\">Notifica\u00e7\u00e3o ANVISA N\u00ba 80879060037<\/span><\/p>\n","protected":false},"excerpt":{"rendered":"<p>Indica\u00e7\u00e3o: Prote\u00e7\u00e3o, descanso e conforto dos p\u00e9s, inclusive p\u00e9s diab\u00e9ticos. Al\u00edvio do impacto na marcha evitando forma\u00e7\u00e3o de calos, calosidades e outras deformidades.<\/p>\n<p>Grade: 32\/33; 34\/35; 36\/37; 38\/39; 40\/41; 42; 43\/44; 45\/46. (par)<\/p>\n<p class=\"_aupe copyable-text x15bjb6t x1n2onr6\">\n<p class=\"_aupe copyable-text x15bjb6t x1n2onr6\"><span class=\"_aupe copyable-text xkrh14z\">Notifica\u00e7\u00e3o ANVISA N\u00ba 80879060037<\/span><\/p>\n","protected":false},"featured_media":6252,"comment_status":"open","ping_status":"closed","template":"","meta":[],"product_brand":[],"product_cat":[72,75],"product_tag":[],"class_list":{"0":"post-6251","1":"product","2":"type-product","3":"status-publish","4":"has-post-thumbnail","6":"product_cat-silicone","7":"product_cat-tornozelo","9":"first","10":"instock","11":"shipping-taxable","12":"product-type-simple"},"_links":{"self":[{"href":"http:\/\/tima.com.br\/tima\/wp-json\/wp\/v2\/product\/6251","targetHints":{"allow":["GET"]}}],"collection":[{"href":"http:\/\/tima.com.br\/tima\/wp-json\/wp\/v2\/product"}],"about":[{"href":"http:\/\/tima.com.br\/tima\/wp-json\/wp\/v2\/types\/product"}],"replies":[{"embeddable":true,"href":"http:\/\/tima.com.br\/tima\/wp-json\/wp\/v2\/comments?post=6251"}],"wp:featuredmedia":[{"embeddable":true,"href":"http:\/\/tima.com.br\/tima\/wp-json\/wp\/v2\/media\/6252"}],"wp:attachment":[{"href":"http:\/\/tima.com.br\/tima\/wp-json\/wp\/v2\/media?parent=6251"}],"wp:term":[{"taxonomy":"product_brand","embeddable":true,"href":"http:\/\/tima.com.br\/tima\/wp-json\/wp\/v2\/product_brand?post=6251"},{"taxonomy":"product_cat","embeddable":true,"href":"http:\/\/tima.com.br\/tima\/wp-json\/wp\/v2\/product_cat?post=6251"},{"taxonomy":"product_tag","embeddable":true,"href":"http:\/\/tima.com.br\/tima\/wp-json\/wp\/v2\/product_tag?post=6251"}],"curies":[{"name":"wp","href":"https:\/\/api.w.org\/{rel}","templated":true}]}}