{"id":6232,"date":"2022-01-27T19:22:18","date_gmt":"2022-01-27T22:22:18","guid":{"rendered":"http:\/\/tima.com.br\/tima\/?post_type=product&#038;p=6232"},"modified":"2026-05-05T11:54:32","modified_gmt":"2026-05-05T14:54:32","slug":"palmilha-silitima-com-arco-terapeutico","status":"publish","type":"product","link":"http:\/\/tima.com.br\/tima\/product\/palmilha-silitima-com-arco-terapeutico\/","title":{"rendered":"Palmilha Silitima com Arco Terap\u00eautico"},"content":{"rendered":"<p>Indicada para Corre\u00e7\u00e3o de p\u00e9s planos, fascite plantar e apoio para p\u00e9s cavos.<\/p>\n<p class=\"_aupe copyable-text x15bjb6t x1n2onr6\">\n<p class=\"_aupe copyable-text x15bjb6t x1n2onr6\"><span class=\"_aupe copyable-text xkrh14z\"><span class=\"a_GcMg font-feature-liga-off font-feature-clig-off font-feature-calt-off text-decoration-none text-strikethrough-none\">Notifica\u00e7\u00e3o ANVISA:<\/span> N\u00ba 80879060037<\/span><\/p>\n","protected":false},"excerpt":{"rendered":"<p>Indica\u00e7\u00e3o: Corre\u00e7\u00e3o de p\u00e9s planos, fascite plantar e apoio para p\u00e9s cavos. Possui formato anat\u00f4mico para melhor acomoda\u00e7\u00e3o e abas altas no calcanhar.<\/p>\n<p>Grade: 33\/34; 35\/36; 37\/38; 39\/40; 41\/42; 43\/44; 45\/46. (par)<\/p>\n<p class=\"_aupe copyable-text x15bjb6t x1n2onr6\">\n<p class=\"_aupe copyable-text x15bjb6t x1n2onr6\"><span class=\"_aupe copyable-text xkrh14z\"><span class=\"a_GcMg font-feature-liga-off font-feature-clig-off font-feature-calt-off text-decoration-none text-strikethrough-none\">Notifica\u00e7\u00e3o ANVISA:<\/span> N\u00ba 80879060037<\/span><\/p>\n","protected":false},"featured_media":6792,"comment_status":"open","ping_status":"closed","template":"","meta":[],"product_brand":[],"product_cat":[72,75],"product_tag":[],"class_list":{"0":"post-6232","1":"product","2":"type-product","3":"status-publish","4":"has-post-thumbnail","6":"product_cat-silicone","7":"product_cat-tornozelo","9":"first","10":"instock","11":"shipping-taxable","12":"product-type-simple"},"_links":{"self":[{"href":"http:\/\/tima.com.br\/tima\/wp-json\/wp\/v2\/product\/6232","targetHints":{"allow":["GET"]}}],"collection":[{"href":"http:\/\/tima.com.br\/tima\/wp-json\/wp\/v2\/product"}],"about":[{"href":"http:\/\/tima.com.br\/tima\/wp-json\/wp\/v2\/types\/product"}],"replies":[{"embeddable":true,"href":"http:\/\/tima.com.br\/tima\/wp-json\/wp\/v2\/comments?post=6232"}],"wp:featuredmedia":[{"embeddable":true,"href":"http:\/\/tima.com.br\/tima\/wp-json\/wp\/v2\/media\/6792"}],"wp:attachment":[{"href":"http:\/\/tima.com.br\/tima\/wp-json\/wp\/v2\/media?parent=6232"}],"wp:term":[{"taxonomy":"product_brand","embeddable":true,"href":"http:\/\/tima.com.br\/tima\/wp-json\/wp\/v2\/product_brand?post=6232"},{"taxonomy":"product_cat","embeddable":true,"href":"http:\/\/tima.com.br\/tima\/wp-json\/wp\/v2\/product_cat?post=6232"},{"taxonomy":"product_tag","embeddable":true,"href":"http:\/\/tima.com.br\/tima\/wp-json\/wp\/v2\/product_tag?post=6232"}],"curies":[{"name":"wp","href":"https:\/\/api.w.org\/{rel}","templated":true}]}}