{"id":6224,"date":"2022-01-27T19:16:14","date_gmt":"2022-01-27T22:16:14","guid":{"rendered":"http:\/\/tima.com.br\/tima\/?post_type=product&#038;p=6224"},"modified":"2026-05-04T18:40:47","modified_gmt":"2026-05-04T21:40:47","slug":"tipoia-funcional","status":"publish","type":"product","link":"http:\/\/tima.com.br\/tima\/product\/tipoia-funcional\/","title":{"rendered":"Tipoia Funcional"},"content":{"rendered":"<p>Utilizada para estabiliza\u00e7\u00e3o do ombro em abdu\u00e7\u00e3o e nos casos de p\u00f3s-operat\u00f3rio do manguito rotador.<\/p>\n<p class=\"_aupe copyable-text x15bjb6t x1n2onr6\"><span class=\"_aupe copyable-text xkrh14z\"><\/span><\/p>\n<p class=\"_aupe copyable-text x15bjb6t x1n2onr6\"><span class=\"_aupe copyable-text xkrh14z\">Notifica\u00e7\u00e3o ANVISA: N\u00ba 80879060028<\/span><\/p>\n","protected":false},"excerpt":{"rendered":"<p>Indica\u00e7\u00e3o: Utilizada para estabiliza\u00e7\u00e3o do ombro em abdu\u00e7\u00e3o e nos casos de p\u00f3s-operat\u00f3rio do manguito rotador.<\/p>\n<p>Grade: \u00danico e bilateral<\/p>\n<p class=\"_aupe copyable-text x15bjb6t x1n2onr6\"><span class=\"_aupe copyable-text xkrh14z\"><\/span><\/p>\n<p class=\"_aupe copyable-text x15bjb6t x1n2onr6\"><span class=\"_aupe copyable-text xkrh14z\">Notifica\u00e7\u00e3o ANVISA: N\u00ba 80879060028<\/span><\/p>\n","protected":false},"featured_media":6225,"comment_status":"open","ping_status":"closed","template":"","meta":[],"product_brand":[],"product_cat":[74,68],"product_tag":[],"class_list":{"0":"post-6224","1":"product","2":"type-product","3":"status-publish","4":"has-post-thumbnail","6":"product_cat-ombro","7":"product_cat-ortopedicos","9":"first","10":"instock","11":"shipping-taxable","12":"product-type-simple"},"_links":{"self":[{"href":"http:\/\/tima.com.br\/tima\/wp-json\/wp\/v2\/product\/6224","targetHints":{"allow":["GET"]}}],"collection":[{"href":"http:\/\/tima.com.br\/tima\/wp-json\/wp\/v2\/product"}],"about":[{"href":"http:\/\/tima.com.br\/tima\/wp-json\/wp\/v2\/types\/product"}],"replies":[{"embeddable":true,"href":"http:\/\/tima.com.br\/tima\/wp-json\/wp\/v2\/comments?post=6224"}],"wp:featuredmedia":[{"embeddable":true,"href":"http:\/\/tima.com.br\/tima\/wp-json\/wp\/v2\/media\/6225"}],"wp:attachment":[{"href":"http:\/\/tima.com.br\/tima\/wp-json\/wp\/v2\/media?parent=6224"}],"wp:term":[{"taxonomy":"product_brand","embeddable":true,"href":"http:\/\/tima.com.br\/tima\/wp-json\/wp\/v2\/product_brand?post=6224"},{"taxonomy":"product_cat","embeddable":true,"href":"http:\/\/tima.com.br\/tima\/wp-json\/wp\/v2\/product_cat?post=6224"},{"taxonomy":"product_tag","embeddable":true,"href":"http:\/\/tima.com.br\/tima\/wp-json\/wp\/v2\/product_tag?post=6224"}],"curies":[{"name":"wp","href":"https:\/\/api.w.org\/{rel}","templated":true}]}}