{"id":6211,"date":"2022-01-27T19:06:24","date_gmt":"2022-01-27T22:06:24","guid":{"rendered":"http:\/\/tima.com.br\/tima\/?post_type=product&#038;p=6211"},"modified":"2026-05-04T18:40:47","modified_gmt":"2026-05-04T21:40:47","slug":"tala-longa-para-punho","status":"publish","type":"product","link":"http:\/\/tima.com.br\/tima\/product\/tala-longa-para-punho\/","title":{"rendered":"Tala Longa para Punho"},"content":{"rendered":"<p>Utilizada em casos de les\u00f5es traum\u00e1ticas, tenossinovites, artroses, corre\u00e7\u00e3o das posi\u00e7\u00f5es viciosas causadas pela artrite reumatoide e demais afec\u00e7\u00f5es em que haja necessidade de imobiliza\u00e7\u00e3o da regi\u00e3o.<\/p>\n<p class=\"_aupe copyable-text x15bjb6t x1n2onr6\"><span class=\"_aupe copyable-text xkrh14z\"><\/span><\/p>\n<p class=\"_aupe copyable-text x15bjb6t x1n2onr6\"><span class=\"_aupe copyable-text xkrh14z\">Notifica\u00e7\u00e3o ANVISA: N\u00ba 80879060012<\/span><\/p>\n","protected":false},"excerpt":{"rendered":"<p>Indica\u00e7\u00e3o: Utilizada em casos de les\u00f5es traum\u00e1ticas, tenossinovites, artroses, corre\u00e7\u00e3o das posi\u00e7\u00f5es viciosas causadas pela artrite reumatoide e demais afec\u00e7\u00f5es em que haja necessidade de imobiliza\u00e7\u00e3o da regi\u00e3o.<\/p>\n<p>Grade: P; M; G; GG<\/p>\n<p>Lado: Direito \/ Esquerdo<\/p>\n<p class=\"_aupe copyable-text x15bjb6t x1n2onr6\"><span class=\"_aupe copyable-text xkrh14z\"><\/span><\/p>\n<p class=\"_aupe copyable-text x15bjb6t x1n2onr6\"><span class=\"_aupe copyable-text xkrh14z\">Notifica\u00e7\u00e3o ANVISA: N\u00ba 80879060012<\/span><\/p>\n","protected":false},"featured_media":6212,"comment_status":"open","ping_status":"closed","template":"","meta":[],"product_brand":[],"product_cat":[79,68],"product_tag":[],"class_list":{"0":"post-6211","1":"product","2":"type-product","3":"status-publish","4":"has-post-thumbnail","6":"product_cat-mao-pulso","7":"product_cat-ortopedicos","9":"first","10":"instock","11":"shipping-taxable","12":"product-type-simple"},"_links":{"self":[{"href":"http:\/\/tima.com.br\/tima\/wp-json\/wp\/v2\/product\/6211","targetHints":{"allow":["GET"]}}],"collection":[{"href":"http:\/\/tima.com.br\/tima\/wp-json\/wp\/v2\/product"}],"about":[{"href":"http:\/\/tima.com.br\/tima\/wp-json\/wp\/v2\/types\/product"}],"replies":[{"embeddable":true,"href":"http:\/\/tima.com.br\/tima\/wp-json\/wp\/v2\/comments?post=6211"}],"wp:featuredmedia":[{"embeddable":true,"href":"http:\/\/tima.com.br\/tima\/wp-json\/wp\/v2\/media\/6212"}],"wp:attachment":[{"href":"http:\/\/tima.com.br\/tima\/wp-json\/wp\/v2\/media?parent=6211"}],"wp:term":[{"taxonomy":"product_brand","embeddable":true,"href":"http:\/\/tima.com.br\/tima\/wp-json\/wp\/v2\/product_brand?post=6211"},{"taxonomy":"product_cat","embeddable":true,"href":"http:\/\/tima.com.br\/tima\/wp-json\/wp\/v2\/product_cat?post=6211"},{"taxonomy":"product_tag","embeddable":true,"href":"http:\/\/tima.com.br\/tima\/wp-json\/wp\/v2\/product_tag?post=6211"}],"curies":[{"name":"wp","href":"https:\/\/api.w.org\/{rel}","templated":true}]}}