{"id":6205,"date":"2022-01-27T19:02:44","date_gmt":"2022-01-27T22:02:44","guid":{"rendered":"http:\/\/tima.com.br\/tima\/?post_type=product&#038;p=6205"},"modified":"2026-05-05T11:10:56","modified_gmt":"2026-05-05T14:10:56","slug":"colar-cervical-philadelphia-com-orificio","status":"publish","type":"product","link":"http:\/\/tima.com.br\/tima\/product\/colar-cervical-philadelphia-com-orificio\/","title":{"rendered":"Colar Cervical Philadelphia com Orif\u00edcio"},"content":{"rendered":"<p>Utilizado para imobiliza\u00e7\u00e3o parcial do pesco\u00e7o, torcicolos, artrites, artrose, dores na regi\u00e3o cervical e somatiza\u00e7\u00e3o. Possui orif\u00edcio para procedimento de traqueostomia.<\/p>\n<p>&nbsp;<\/p>\n<p class=\"_aupe copyable-text x15bjb6t x1n2onr6\"><span class=\"_aupe copyable-text xkrh14z\">Notifica\u00e7\u00e3o ANVISA: N\u00ba 80879060011<\/span><\/p>\n","protected":false},"excerpt":{"rendered":"<p>Indica\u00e7\u00e3o: Colar ajust\u00e1vel utilizado para imobiliza\u00e7\u00e3o parcial do pesco\u00e7o, torcicolos, artrites, artrose, dores na regi\u00e3o cervical e somatiza\u00e7\u00e3o. Possui orif\u00edcio para procedimento de traqueostomia.<\/p>\n<p>Grade: P; M; G<\/p>\n<p class=\"_aupe copyable-text x15bjb6t x1n2onr6\">\n<p class=\"_aupe copyable-text x15bjb6t x1n2onr6\"><span class=\"_aupe copyable-text xkrh14z\">Notifica\u00e7\u00e3o ANVISA: N\u00ba 80879060011<\/span><\/p>\n","protected":false},"featured_media":6206,"comment_status":"open","ping_status":"closed","template":"","meta":[],"product_brand":[],"product_cat":[68,77],"product_tag":[],"class_list":{"0":"post-6205","1":"product","2":"type-product","3":"status-publish","4":"has-post-thumbnail","6":"product_cat-ortopedicos","7":"product_cat-pescoco","9":"first","10":"instock","11":"shipping-taxable","12":"product-type-simple"},"_links":{"self":[{"href":"http:\/\/tima.com.br\/tima\/wp-json\/wp\/v2\/product\/6205","targetHints":{"allow":["GET"]}}],"collection":[{"href":"http:\/\/tima.com.br\/tima\/wp-json\/wp\/v2\/product"}],"about":[{"href":"http:\/\/tima.com.br\/tima\/wp-json\/wp\/v2\/types\/product"}],"replies":[{"embeddable":true,"href":"http:\/\/tima.com.br\/tima\/wp-json\/wp\/v2\/comments?post=6205"}],"wp:featuredmedia":[{"embeddable":true,"href":"http:\/\/tima.com.br\/tima\/wp-json\/wp\/v2\/media\/6206"}],"wp:attachment":[{"href":"http:\/\/tima.com.br\/tima\/wp-json\/wp\/v2\/media?parent=6205"}],"wp:term":[{"taxonomy":"product_brand","embeddable":true,"href":"http:\/\/tima.com.br\/tima\/wp-json\/wp\/v2\/product_brand?post=6205"},{"taxonomy":"product_cat","embeddable":true,"href":"http:\/\/tima.com.br\/tima\/wp-json\/wp\/v2\/product_cat?post=6205"},{"taxonomy":"product_tag","embeddable":true,"href":"http:\/\/tima.com.br\/tima\/wp-json\/wp\/v2\/product_tag?post=6205"}],"curies":[{"name":"wp","href":"https:\/\/api.w.org\/{rel}","templated":true}]}}