{"id":6193,"date":"2022-01-27T18:32:02","date_gmt":"2022-01-27T21:32:02","guid":{"rendered":"http:\/\/tima.com.br\/tima\/?post_type=product&#038;p=6193"},"modified":"2026-05-04T18:40:45","modified_gmt":"2026-05-04T21:40:45","slug":"tala-pvc-para-punho-maos-e-dedos","status":"publish","type":"product","link":"http:\/\/tima.com.br\/tima\/product\/tala-pvc-para-punho-maos-e-dedos\/","title":{"rendered":"Tala PVC para Punho, M\u00e3os e Dedos"},"content":{"rendered":"<p>Utilizada em casos de s\u00edndrome do t\u00fanel do carpo, artroses, les\u00f5es traum\u00e1ticas, paralisia dos nervos perif\u00e9ricos, sequelas decorrentes de AVC, deformidade por artrite reumatoide e demais afec\u00e7\u00f5es em que haja necessidade de imobiliza\u00e7\u00e3o do punho, da m\u00e3o e dos dedos.<\/p>\n<p class=\"_aupe copyable-text x15bjb6t x1n2onr6\"><span class=\"_aupe copyable-text xkrh14z\"><\/span><\/p>\n<p class=\"_aupe copyable-text x15bjb6t x1n2onr6\"><span class=\"_aupe copyable-text xkrh14z\">Notifica\u00e7\u00e3o ANVISA: N\u00ba 80879060014<\/span><\/p>\n","protected":false},"excerpt":{"rendered":"<p>Indica\u00e7\u00e3o: Utilizada em casos de s\u00edndrome do t\u00fanel do carpo, artroses, les\u00f5es traum\u00e1ticas, paralisia dos nervos perif\u00e9ricos, sequelas decorrentes de AVC, deformidade por artrite reumatoide e demais afec\u00e7\u00f5es em que haja necessidade de imobiliza\u00e7\u00e3o do punho, da m\u00e3o e dos dedos.<\/p>\n<p>Grade: \u00danico. (pe\u00e7a)<\/p>\n<p>Lado: Direito \/ Esquerdo<\/p>\n<p class=\"_aupe copyable-text x15bjb6t x1n2onr6\"><span class=\"_aupe copyable-text xkrh14z\"><\/span><\/p>\n<p class=\"_aupe copyable-text x15bjb6t x1n2onr6\"><span class=\"_aupe copyable-text xkrh14z\">Notifica\u00e7\u00e3o ANVISA: N\u00ba 80879060014<\/span><\/p>\n","protected":false},"featured_media":6196,"comment_status":"open","ping_status":"closed","template":"","meta":[],"product_brand":[],"product_cat":[79,68],"product_tag":[],"class_list":{"0":"post-6193","1":"product","2":"type-product","3":"status-publish","4":"has-post-thumbnail","6":"product_cat-mao-pulso","7":"product_cat-ortopedicos","9":"first","10":"instock","11":"shipping-taxable","12":"product-type-simple"},"_links":{"self":[{"href":"http:\/\/tima.com.br\/tima\/wp-json\/wp\/v2\/product\/6193","targetHints":{"allow":["GET"]}}],"collection":[{"href":"http:\/\/tima.com.br\/tima\/wp-json\/wp\/v2\/product"}],"about":[{"href":"http:\/\/tima.com.br\/tima\/wp-json\/wp\/v2\/types\/product"}],"replies":[{"embeddable":true,"href":"http:\/\/tima.com.br\/tima\/wp-json\/wp\/v2\/comments?post=6193"}],"wp:featuredmedia":[{"embeddable":true,"href":"http:\/\/tima.com.br\/tima\/wp-json\/wp\/v2\/media\/6196"}],"wp:attachment":[{"href":"http:\/\/tima.com.br\/tima\/wp-json\/wp\/v2\/media?parent=6193"}],"wp:term":[{"taxonomy":"product_brand","embeddable":true,"href":"http:\/\/tima.com.br\/tima\/wp-json\/wp\/v2\/product_brand?post=6193"},{"taxonomy":"product_cat","embeddable":true,"href":"http:\/\/tima.com.br\/tima\/wp-json\/wp\/v2\/product_cat?post=6193"},{"taxonomy":"product_tag","embeddable":true,"href":"http:\/\/tima.com.br\/tima\/wp-json\/wp\/v2\/product_tag?post=6193"}],"curies":[{"name":"wp","href":"https:\/\/api.w.org\/{rel}","templated":true}]}}