{"id":6186,"date":"2022-01-27T18:23:43","date_gmt":"2022-01-27T21:23:43","guid":{"rendered":"http:\/\/tima.com.br\/tima\/?post_type=product&#038;p=6186"},"modified":"2026-05-04T18:40:45","modified_gmt":"2026-05-04T21:40:45","slug":"faixa-elastica-lombar-com-barbatana-flexivel-20cm-de-altura","status":"publish","type":"product","link":"http:\/\/tima.com.br\/tima\/product\/faixa-elastica-lombar-com-barbatana-flexivel-20cm-de-altura\/","title":{"rendered":"Faixa El\u00e1stica Lombar com Barbatana Flex\u00edvel \u2013 20cm de altura"},"content":{"rendered":"<p>Auxilia no tratamento de pacientes que necessitam se movimentar com maior seguran\u00e7a, nos casos de tosse ou exerc\u00edcios p\u00f3s-operat\u00f3rio.<\/p>\n<p class=\"_aupe copyable-text x15bjb6t x1n2onr6\"><span class=\"_aupe copyable-text xkrh14z\"><\/span><\/p>\n<p class=\"_aupe copyable-text x15bjb6t x1n2onr6\"><span class=\"_aupe copyable-text xkrh14z\">Notifica\u00e7\u00e3o ANVISA: N\u00ba 80879060018<\/span><\/p>\n","protected":false},"excerpt":{"rendered":"<p>Indica\u00e7\u00e3o: Utilizada em casos de traumas tor\u00e1cicos e\/ou lombares, na pr\u00e1tica de esportes ou p\u00f3s-cir\u00fargico. Auxilia no tratamento de pacientes que necessitam se movimentar com maior seguran\u00e7a, nos casos de tosse ou exerc\u00edcios p\u00f3s-operat\u00f3rio. Evita a flacidez p\u00f3s-cir\u00fargica.<\/p>\n<p>Grade: P; M; G; GG<\/p>\n<p class=\"_aupe copyable-text x15bjb6t x1n2onr6\"><span class=\"_aupe copyable-text xkrh14z\"><\/span><\/p>\n<p class=\"_aupe copyable-text x15bjb6t x1n2onr6\"><span class=\"_aupe copyable-text xkrh14z\">Notifica\u00e7\u00e3o ANVISA: N\u00ba 80879060018<\/span><\/p>\n","protected":false},"featured_media":6187,"comment_status":"open","ping_status":"closed","template":"","meta":[],"product_brand":[],"product_cat":[68,76],"product_tag":[],"class_list":{"0":"post-6186","1":"product","2":"type-product","3":"status-publish","4":"has-post-thumbnail","6":"product_cat-ortopedicos","7":"product_cat-quadril","9":"first","10":"instock","11":"shipping-taxable","12":"product-type-simple"},"_links":{"self":[{"href":"http:\/\/tima.com.br\/tima\/wp-json\/wp\/v2\/product\/6186","targetHints":{"allow":["GET"]}}],"collection":[{"href":"http:\/\/tima.com.br\/tima\/wp-json\/wp\/v2\/product"}],"about":[{"href":"http:\/\/tima.com.br\/tima\/wp-json\/wp\/v2\/types\/product"}],"replies":[{"embeddable":true,"href":"http:\/\/tima.com.br\/tima\/wp-json\/wp\/v2\/comments?post=6186"}],"wp:featuredmedia":[{"embeddable":true,"href":"http:\/\/tima.com.br\/tima\/wp-json\/wp\/v2\/media\/6187"}],"wp:attachment":[{"href":"http:\/\/tima.com.br\/tima\/wp-json\/wp\/v2\/media?parent=6186"}],"wp:term":[{"taxonomy":"product_brand","embeddable":true,"href":"http:\/\/tima.com.br\/tima\/wp-json\/wp\/v2\/product_brand?post=6186"},{"taxonomy":"product_cat","embeddable":true,"href":"http:\/\/tima.com.br\/tima\/wp-json\/wp\/v2\/product_cat?post=6186"},{"taxonomy":"product_tag","embeddable":true,"href":"http:\/\/tima.com.br\/tima\/wp-json\/wp\/v2\/product_tag?post=6186"}],"curies":[{"name":"wp","href":"https:\/\/api.w.org\/{rel}","templated":true}]}}