{"id":6154,"date":"2022-01-27T17:04:54","date_gmt":"2022-01-27T20:04:54","guid":{"rendered":"http:\/\/tima.com.br\/tima\/?post_type=product&#038;p=6154"},"modified":"2026-05-05T11:16:35","modified_gmt":"2026-05-05T14:16:35","slug":"faixa-abdominal-toracica","status":"publish","type":"product","link":"http:\/\/tima.com.br\/tima\/product\/faixa-abdominal-toracica\/","title":{"rendered":"Faixa Abdominal \/ Tor\u00e1cica"},"content":{"rendered":"<p>Utilizada no tratamento em que haja necessidade do paciente se movimentar com maior seguran\u00e7a ou exerc\u00edcios p\u00f3s-operat\u00f3rio.<\/p>\n<p class=\"_aupe copyable-text x15bjb6t x1n2onr6\"><span class=\"_aupe copyable-text xkrh14z\">Notifica\u00e7\u00e3o ANVISA: N\u00ba 80879060004<\/span><\/p>\n","protected":false},"excerpt":{"rendered":"<p>Indica\u00e7\u00e3o: Traumas tor\u00e1cicos e\/ou lombares, no tratamento em que haja necessidade do paciente se movimentar com maior seguran\u00e7a ou exerc\u00edcios p\u00f3s-operat\u00f3rio. Evita a flacidez p\u00f3s-cir\u00fargica.<\/p>\n<p>Grade: P; M, G e GG\u00a0 &#8211; com\u00a0 2gomos \/ 3 gomos \/ 4 gomos<\/p>\n<p class=\"_aupe copyable-text x15bjb6t x1n2onr6\"><span class=\"_aupe copyable-text xkrh14z\">Notifica\u00e7\u00e3o ANVISA: N\u00ba 80879060004<\/span><\/p>\n","protected":false},"featured_media":6156,"comment_status":"open","ping_status":"closed","template":"","meta":[],"product_brand":[],"product_cat":[68,76],"product_tag":[],"class_list":{"0":"post-6154","1":"product","2":"type-product","3":"status-publish","4":"has-post-thumbnail","6":"product_cat-ortopedicos","7":"product_cat-quadril","9":"first","10":"instock","11":"shipping-taxable","12":"product-type-simple"},"_links":{"self":[{"href":"http:\/\/tima.com.br\/tima\/wp-json\/wp\/v2\/product\/6154","targetHints":{"allow":["GET"]}}],"collection":[{"href":"http:\/\/tima.com.br\/tima\/wp-json\/wp\/v2\/product"}],"about":[{"href":"http:\/\/tima.com.br\/tima\/wp-json\/wp\/v2\/types\/product"}],"replies":[{"embeddable":true,"href":"http:\/\/tima.com.br\/tima\/wp-json\/wp\/v2\/comments?post=6154"}],"wp:featuredmedia":[{"embeddable":true,"href":"http:\/\/tima.com.br\/tima\/wp-json\/wp\/v2\/media\/6156"}],"wp:attachment":[{"href":"http:\/\/tima.com.br\/tima\/wp-json\/wp\/v2\/media?parent=6154"}],"wp:term":[{"taxonomy":"product_brand","embeddable":true,"href":"http:\/\/tima.com.br\/tima\/wp-json\/wp\/v2\/product_brand?post=6154"},{"taxonomy":"product_cat","embeddable":true,"href":"http:\/\/tima.com.br\/tima\/wp-json\/wp\/v2\/product_cat?post=6154"},{"taxonomy":"product_tag","embeddable":true,"href":"http:\/\/tima.com.br\/tima\/wp-json\/wp\/v2\/product_tag?post=6154"}],"curies":[{"name":"wp","href":"https:\/\/api.w.org\/{rel}","templated":true}]}}