{"id":6148,"date":"2022-01-27T16:44:07","date_gmt":"2022-01-27T19:44:07","guid":{"rendered":"http:\/\/tima.com.br\/tima\/?post_type=product&#038;p=6148"},"modified":"2026-05-04T18:44:09","modified_gmt":"2026-05-04T21:44:09","slug":"imobilizador-de-joelho","status":"publish","type":"product","link":"http:\/\/tima.com.br\/tima\/product\/imobilizador-de-joelho\/","title":{"rendered":"Imobilizador de Joelho"},"content":{"rendered":"<p>Utilizado na imobiliza\u00e7\u00e3o tempor\u00e1ria do joelho.<\/p>\n<p><strong><span class=\"a_GcMg font-feature-liga-off font-feature-clig-off font-feature-calt-off text-decoration-none text-strikethrough-none\">Notifica\u00e7\u00e3o ANVISA:<\/span><\/strong> N\u00ba 80879060002<\/p>\n","protected":false},"excerpt":{"rendered":"<p>Indica\u00e7\u00e3o: Uso p\u00f3s-operat\u00f3rio em casos de les\u00f5es traum\u00e1ticas do joelho, les\u00f5es ligamentares, instabilidade cr\u00f4nica do joelho, artrite\/artrose reumatoide, fraturas e outras afec\u00e7\u00f5es onde se fa\u00e7a necess\u00e1ria a imobiliza\u00e7\u00e3o tempor\u00e1ria do joelho.<\/p>\n<p>Grade: P (50cm); M (60cm); G (70cm) &#8211; Largo\/Estreito \/ Bilateral<\/p>\n<p><strong><span class=\"a_GcMg font-feature-liga-off font-feature-clig-off font-feature-calt-off text-decoration-none text-strikethrough-none\">Notifica\u00e7\u00e3o ANVISA:<\/span>\u00a0<\/strong>N\u00ba 80879060002<\/p>\n","protected":false},"featured_media":6152,"comment_status":"open","ping_status":"closed","template":"","meta":[],"product_brand":[],"product_cat":[68,75],"product_tag":[],"class_list":{"0":"post-6148","1":"product","2":"type-product","3":"status-publish","4":"has-post-thumbnail","6":"product_cat-ortopedicos","7":"product_cat-tornozelo","9":"first","10":"instock","11":"shipping-taxable","12":"product-type-simple"},"_links":{"self":[{"href":"http:\/\/tima.com.br\/tima\/wp-json\/wp\/v2\/product\/6148","targetHints":{"allow":["GET"]}}],"collection":[{"href":"http:\/\/tima.com.br\/tima\/wp-json\/wp\/v2\/product"}],"about":[{"href":"http:\/\/tima.com.br\/tima\/wp-json\/wp\/v2\/types\/product"}],"replies":[{"embeddable":true,"href":"http:\/\/tima.com.br\/tima\/wp-json\/wp\/v2\/comments?post=6148"}],"wp:featuredmedia":[{"embeddable":true,"href":"http:\/\/tima.com.br\/tima\/wp-json\/wp\/v2\/media\/6152"}],"wp:attachment":[{"href":"http:\/\/tima.com.br\/tima\/wp-json\/wp\/v2\/media?parent=6148"}],"wp:term":[{"taxonomy":"product_brand","embeddable":true,"href":"http:\/\/tima.com.br\/tima\/wp-json\/wp\/v2\/product_brand?post=6148"},{"taxonomy":"product_cat","embeddable":true,"href":"http:\/\/tima.com.br\/tima\/wp-json\/wp\/v2\/product_cat?post=6148"},{"taxonomy":"product_tag","embeddable":true,"href":"http:\/\/tima.com.br\/tima\/wp-json\/wp\/v2\/product_tag?post=6148"}],"curies":[{"name":"wp","href":"https:\/\/api.w.org\/{rel}","templated":true}]}}