{"id":6123,"date":"2022-01-26T22:12:55","date_gmt":"2022-01-27T01:12:55","guid":{"rendered":"http:\/\/tima.com.br\/tima\/?post_type=product&#038;p=6123"},"modified":"2026-05-04T18:40:39","modified_gmt":"2026-05-04T21:40:39","slug":"estabilizador-de-tornozelo","status":"publish","type":"product","link":"http:\/\/tima.com.br\/tima\/product\/estabilizador-de-tornozelo\/","title":{"rendered":"Estabilizador de Tornozelo"},"content":{"rendered":"<p>Indica\u00e7\u00e3o: Utilizada no tratamento de afec\u00e7\u00f5es que necessitam de imobiliza\u00e7\u00e3o parcial da regi\u00e3o, tais como: instabilidade articular e ligamentar, tendinite, bursite, entorse, luxa\u00e7\u00e3o, estresse muscular e demais afec\u00e7\u00f5es. Pode ser usada durante a pr\u00e1tica esportiva.<\/p>\n<p><span class=\"a_GcMg font-feature-liga-off font-feature-clig-off font-feature-calt-off text-decoration-none text-strikethrough-none\">Notifica\u00e7\u00e3o ANVISA:<\/span> N\u00ba 80879060026<\/p>\n","protected":false},"excerpt":{"rendered":"<p>Indica\u00e7\u00e3o: Utilizada no tratamento de afec\u00e7\u00f5es que necessitam de imobiliza\u00e7\u00e3o parcial da regi\u00e3o, tais como: instabilidade articular e ligamentar, tendinite, bursite, entorse, luxa\u00e7\u00e3o, estresse muscular e demais afec\u00e7\u00f5es. Pode ser usada durante a pr\u00e1tica esportiva.<\/p>\n<p>Grade: P; M; G<\/p>\n<p><span class=\"a_GcMg font-feature-liga-off font-feature-clig-off font-feature-calt-off text-decoration-none text-strikethrough-none\">Notifica\u00e7\u00e3o ANVISA:<\/span> N\u00ba 80879060026<\/p>\n","protected":false},"featured_media":6124,"comment_status":"open","ping_status":"closed","template":"","meta":[],"product_brand":[],"product_cat":[69,75],"product_tag":[],"class_list":{"0":"post-6123","1":"product","2":"type-product","3":"status-publish","4":"has-post-thumbnail","6":"product_cat-neoprene","7":"product_cat-tornozelo","9":"first","10":"instock","11":"shipping-taxable","12":"product-type-simple"},"_links":{"self":[{"href":"http:\/\/tima.com.br\/tima\/wp-json\/wp\/v2\/product\/6123","targetHints":{"allow":["GET"]}}],"collection":[{"href":"http:\/\/tima.com.br\/tima\/wp-json\/wp\/v2\/product"}],"about":[{"href":"http:\/\/tima.com.br\/tima\/wp-json\/wp\/v2\/types\/product"}],"replies":[{"embeddable":true,"href":"http:\/\/tima.com.br\/tima\/wp-json\/wp\/v2\/comments?post=6123"}],"wp:featuredmedia":[{"embeddable":true,"href":"http:\/\/tima.com.br\/tima\/wp-json\/wp\/v2\/media\/6124"}],"wp:attachment":[{"href":"http:\/\/tima.com.br\/tima\/wp-json\/wp\/v2\/media?parent=6123"}],"wp:term":[{"taxonomy":"product_brand","embeddable":true,"href":"http:\/\/tima.com.br\/tima\/wp-json\/wp\/v2\/product_brand?post=6123"},{"taxonomy":"product_cat","embeddable":true,"href":"http:\/\/tima.com.br\/tima\/wp-json\/wp\/v2\/product_cat?post=6123"},{"taxonomy":"product_tag","embeddable":true,"href":"http:\/\/tima.com.br\/tima\/wp-json\/wp\/v2\/product_tag?post=6123"}],"curies":[{"name":"wp","href":"https:\/\/api.w.org\/{rel}","templated":true}]}}