{"id":6107,"date":"2022-01-26T21:59:48","date_gmt":"2022-01-27T00:59:48","guid":{"rendered":"http:\/\/tima.com.br\/tima\/?post_type=product&#038;p=6107"},"modified":"2026-05-04T18:40:37","modified_gmt":"2026-05-04T21:40:37","slug":"joelheira-ajustavel","status":"publish","type":"product","link":"http:\/\/tima.com.br\/tima\/product\/joelheira-ajustavel\/","title":{"rendered":"Joelheira Ajust\u00e1vel"},"content":{"rendered":"<p>O produto auxilia durante o tratamento de processos inflamat\u00f3rios e evita o surgimento de novas les\u00f5es durante a pr\u00e1tica esportiva. Pode ser utilizada durante a pr\u00e1tica de atividade f\u00edsica.<\/p>\n<p class=\"_aupe copyable-text x15bjb6t x1n2onr6\"><span class=\"_aupe copyable-text xkrh14z\"><\/span><\/p>\n<p class=\"_aupe copyable-text x15bjb6t x1n2onr6\"><span class=\"_aupe copyable-text xkrh14z\"><span class=\"a_GcMg font-feature-liga-off font-feature-clig-off font-feature-calt-off text-decoration-none text-strikethrough-none\">Notifica\u00e7\u00e3o ANVISA:<\/span> N\u00ba 80879060026<\/span><\/p>\n","protected":false},"excerpt":{"rendered":"<p>Indica\u00e7\u00e3o: Indicada para preven\u00e7\u00e3o e tratamento de afec\u00e7\u00f5es que necessitam de apoio compressivo, tais como: entorses, contus\u00f5es, distens\u00f5es, tendinite, bursite, instabilidade patelar, condromal\u00e1cia, luxa\u00e7\u00f5es, periartrite e demais afec\u00e7\u00f5es.<\/p>\n<p>O produto auxilia durante o tratamento de processos inflamat\u00f3rios e evita o surgimento de novas les\u00f5es durante a pr\u00e1tica esportiva. Pode ser utilizada durante a pr\u00e1tica de atividade f\u00edsica.<\/p>\n<p>Grade: \u00danico Ajust\u00e1vel.<\/p>\n<p class=\"_aupe copyable-text x15bjb6t x1n2onr6\"><span class=\"_aupe copyable-text xkrh14z\"><\/span><\/p>\n<p class=\"_aupe copyable-text x15bjb6t x1n2onr6\"><span class=\"_aupe copyable-text xkrh14z\"><span class=\"a_GcMg font-feature-liga-off font-feature-clig-off font-feature-calt-off text-decoration-none text-strikethrough-none\">Notifica\u00e7\u00e3o ANVISA:<\/span> N\u00ba 80879060026<\/span><\/p>\n","protected":false},"featured_media":6108,"comment_status":"open","ping_status":"closed","template":"","meta":[],"product_brand":[],"product_cat":[78,69],"product_tag":[],"class_list":{"0":"post-6107","1":"product","2":"type-product","3":"status-publish","4":"has-post-thumbnail","6":"product_cat-joelho","7":"product_cat-neoprene","9":"first","10":"instock","11":"shipping-taxable","12":"product-type-simple"},"_links":{"self":[{"href":"http:\/\/tima.com.br\/tima\/wp-json\/wp\/v2\/product\/6107","targetHints":{"allow":["GET"]}}],"collection":[{"href":"http:\/\/tima.com.br\/tima\/wp-json\/wp\/v2\/product"}],"about":[{"href":"http:\/\/tima.com.br\/tima\/wp-json\/wp\/v2\/types\/product"}],"replies":[{"embeddable":true,"href":"http:\/\/tima.com.br\/tima\/wp-json\/wp\/v2\/comments?post=6107"}],"wp:featuredmedia":[{"embeddable":true,"href":"http:\/\/tima.com.br\/tima\/wp-json\/wp\/v2\/media\/6108"}],"wp:attachment":[{"href":"http:\/\/tima.com.br\/tima\/wp-json\/wp\/v2\/media?parent=6107"}],"wp:term":[{"taxonomy":"product_brand","embeddable":true,"href":"http:\/\/tima.com.br\/tima\/wp-json\/wp\/v2\/product_brand?post=6107"},{"taxonomy":"product_cat","embeddable":true,"href":"http:\/\/tima.com.br\/tima\/wp-json\/wp\/v2\/product_cat?post=6107"},{"taxonomy":"product_tag","embeddable":true,"href":"http:\/\/tima.com.br\/tima\/wp-json\/wp\/v2\/product_tag?post=6107"}],"curies":[{"name":"wp","href":"https:\/\/api.w.org\/{rel}","templated":true}]}}