{"id":6086,"date":"2022-01-26T21:26:07","date_gmt":"2022-01-27T00:26:07","guid":{"rendered":"http:\/\/tima.com.br\/tima\/?post_type=product&#038;p=6086"},"modified":"2026-05-04T18:40:36","modified_gmt":"2026-05-04T21:40:36","slug":"calcanheira-neogel-ajustavel","status":"publish","type":"product","link":"http:\/\/tima.com.br\/tima\/product\/calcanheira-neogel-ajustavel\/","title":{"rendered":"Calcanheira Neogel Ajust\u00e1vel"},"content":{"rendered":"<p>Auxilia no tratamento de espor\u00e3o de calc\u00e2neo e demais afec\u00e7\u00f5es, absorvendo o impacto da pisada. Possui formato anat\u00f4mico para melhor acomoda\u00e7\u00e3o. Produto ajust\u00e1vel que permite o uso em cal\u00e7ados abertos, como sand\u00e1lias e chinelos, e em p\u00e9s descal\u00e7os.<\/p>\n<div>\n<div>\n<div>\n<\/div>\n<div>\n<p><span class=\"_aupe copyable-text xkrh14z\">Notifica\u00e7\u00e3o ANVISA: <\/span> N\u00ba 80879060026<\/p>\n<\/div>\n<\/div>\n<\/div>\n","protected":false},"excerpt":{"rendered":"<p>Indica\u00e7\u00e3o: Utilizada para prote\u00e7\u00e3o e conforto da regi\u00e3o do calcanhar.<\/p>\n<p>Auxilia no tratamento de espor\u00e3o de calc\u00e2neo e demais afec\u00e7\u00f5es, absorvendo o impacto da pisada. Possui formato anat\u00f4mico para melhor acomoda\u00e7\u00e3o. Produto ajust\u00e1vel que permite o uso em cal\u00e7ados abertos, como sand\u00e1lias e chinelos, e em p\u00e9s descal\u00e7os.<\/p>\n<p>Grade: P\/M; G\/GG.<\/p>\n<div>\n<div>\n<div>\n<\/div>\n<div>\n<p><span class=\"_aupe copyable-text xkrh14z\">Notifica\u00e7\u00e3o ANVISA: <\/span> N\u00ba 80879060026<\/p>\n<\/div>\n<\/div>\n<\/div>\n","protected":false},"featured_media":6087,"comment_status":"open","ping_status":"closed","template":"","meta":[],"product_brand":[],"product_cat":[69,75],"product_tag":[],"class_list":{"0":"post-6086","1":"product","2":"type-product","3":"status-publish","4":"has-post-thumbnail","6":"product_cat-neoprene","7":"product_cat-tornozelo","9":"first","10":"instock","11":"shipping-taxable","12":"product-type-simple"},"_links":{"self":[{"href":"http:\/\/tima.com.br\/tima\/wp-json\/wp\/v2\/product\/6086","targetHints":{"allow":["GET"]}}],"collection":[{"href":"http:\/\/tima.com.br\/tima\/wp-json\/wp\/v2\/product"}],"about":[{"href":"http:\/\/tima.com.br\/tima\/wp-json\/wp\/v2\/types\/product"}],"replies":[{"embeddable":true,"href":"http:\/\/tima.com.br\/tima\/wp-json\/wp\/v2\/comments?post=6086"}],"wp:featuredmedia":[{"embeddable":true,"href":"http:\/\/tima.com.br\/tima\/wp-json\/wp\/v2\/media\/6087"}],"wp:attachment":[{"href":"http:\/\/tima.com.br\/tima\/wp-json\/wp\/v2\/media?parent=6086"}],"wp:term":[{"taxonomy":"product_brand","embeddable":true,"href":"http:\/\/tima.com.br\/tima\/wp-json\/wp\/v2\/product_brand?post=6086"},{"taxonomy":"product_cat","embeddable":true,"href":"http:\/\/tima.com.br\/tima\/wp-json\/wp\/v2\/product_cat?post=6086"},{"taxonomy":"product_tag","embeddable":true,"href":"http:\/\/tima.com.br\/tima\/wp-json\/wp\/v2\/product_tag?post=6086"}],"curies":[{"name":"wp","href":"https:\/\/api.w.org\/{rel}","templated":true}]}}